{"id":5920,"date":"2022-10-31T19:02:25","date_gmt":"2022-10-31T19:02:25","guid":{"rendered":"https:\/\/icanspoon.com\/product\/12-i-can-skedar-classic-line-soft-line-alla-farger\/"},"modified":"2023-09-02T11:12:14","modified_gmt":"2023-09-02T11:12:14","slug":"alla-farger-12-i-can-spoons-klassisk-line-soft-line","status":"publish","type":"product","link":"https:\/\/icanspoon.com\/sv\/produkt\/alla-farger-12-i-can-spoons-klassisk-line-soft-line\/","title":{"rendered":"I can spoon classic line + soft line &#8211; Alla f\u00e4rger"},"content":{"rendered":"<p>Tolv skedar fr\u00e5n I can spoon &#8211; den klassiska linjen + den mjuka linjen. I Can Spoon \u00e4r en bepr\u00f6vad svensk uppfinning fr\u00e5n 2013 som g\u00f6r det l\u00e4ttare f\u00f6r barnet att b\u00f6rja \u00e4ta sj\u00e4lv &#8211; anpassad f\u00f6r sm\u00e5 h\u00e4nder. Med sin l\u00e5ga vikt och multi-grip-funktion kan barnet greppa skeden p\u00e5 det s\u00e4tt som det vill. Pincettgrepp, tumme, precisionsgrepp, volargrepp, fingergrepp och tv\u00e4rgrepp \u00e4r ett mycket mer anv\u00e4ndbart grepp \u00e4n det &#8221;helhandgrepp&#8221; som alla andra skedar f\u00f6r barn inbjuder till. Barnet tr\u00e4nar fingrarna ist\u00e4llet f\u00f6r armen och \u00f6verg\u00e5r intuitivt fr\u00e5n att \u00e4ta med h\u00e4nderna.<\/p>\n<p>H\u00e5let i I can-skeden ger kontakt mellan tummen och pekfingret f\u00f6r \u00f6kad stabilitet, och om barnet vill kan det genomborra tummen eller pekfingret f\u00f6r ett s\u00e4kert grepp.<\/p>\n<p>Experter s\u00e4ger att det \u00e4r viktigt att m\u00e5ltiderna \u00e4r en positiv upplevelse redan fr\u00e5n b\u00f6rjan. M\u00e5nga barn vill ocks\u00e5 \u00e4ta sj\u00e4lva. P\u00e5 samma s\u00e4tt \u00e4r \u00e4tande i sig sj\u00e4lvt ett utm\u00e4rkt s\u00e4tt att utveckla motoriska f\u00e4rdigheter, mat \u00e4r en bra motivation.<\/p>\n","protected":false},"excerpt":{"rendered":"<p><strong>Tolv skedar fr\u00e5n I can spoon &#8211; klassisk linje + mjuk linje.<\/strong><\/p>\n<p><strong>Jag kan sj\u00e4lv!<\/strong> L\u00e5ter det bekant i dina \u00f6ron? Att f\u00e5 utforska och prova sig fram \u00e4r en viktig del av utvecklingen av barns f\u00f6rm\u00e5gor. Grundaren av I Can spoon har verkligen tagit detta p\u00e5 allvar! Den h\u00e4r skeden \u00e4r ett m\u00e5ste f\u00f6r alla barn som ska l\u00e4ra sig att \u00e4ta p\u00e5 egen hand.<\/p>\n","protected":false},"featured_media":5057,"template":"","meta":{"_jet_sm_ready_style":"","_jet_sm_style":"","_jet_sm_controls_values":"","_jet_sm_fonts_collection":"","_jet_sm_fonts_links":""},"product_brand":[],"product_cat":[182,59],"product_tag":[],"class_list":{"0":"post-5920","1":"product","2":"type-product","3":"status-publish","4":"has-post-thumbnail","6":"product_cat-alla-farger-12-skedar-klassisk-linje-mjuk-linje","7":"product_cat-stortpack","9":"first","10":"instock","11":"taxable","12":"shipping-taxable","13":"purchasable","14":"product-type-simple"},"yoast_head":"<!-- This site is optimized with the Yoast SEO plugin v26.5 - https:\/\/yoast.com\/wordpress\/plugins\/seo\/ -->\n<title>I can spoon classic line + soft line - Alla f\u00e4rger - I can spoon<\/title>\n<meta name=\"description\" content=\"I can spoon i alla f\u00e4rger - klassisk linje + mjuk linje. I can spoon \u00e4r det perfekta alternativet f\u00f6r sp\u00e4dbarn som h\u00e5ller p\u00e5 att l\u00e4ra sig att \u00e4ta. Skaffa din I can spoon nu!\" \/>\n<meta name=\"robots\" content=\"index, follow, max-snippet:-1, max-image-preview:large, max-video-preview:-1\" \/>\n<link rel=\"canonical\" href=\"https:\/\/icanspoon.com\/sv\/produkt\/alla-farger-12-i-can-spoons-klassisk-line-soft-line\/\" \/>\n<meta property=\"og:locale\" content=\"sv_SE\" \/>\n<meta property=\"og:type\" content=\"article\" \/>\n<meta property=\"og:title\" content=\"I can spoon classic line + soft line - Alla f\u00e4rger - I can spoon\" \/>\n<meta property=\"og:description\" content=\"I can spoon i alla f\u00e4rger - klassisk linje + mjuk linje. I can spoon \u00e4r det perfekta alternativet f\u00f6r sp\u00e4dbarn som h\u00e5ller p\u00e5 att l\u00e4ra sig att \u00e4ta. Skaffa din I can spoon nu!\" \/>\n<meta property=\"og:url\" content=\"https:\/\/icanspoon.com\/sv\/produkt\/alla-farger-12-i-can-spoons-klassisk-line-soft-line\/\" \/>\n<meta property=\"og:site_name\" content=\"I can spoon\" \/>\n<meta property=\"article:modified_time\" content=\"2023-09-02T11:12:14+00:00\" \/>\n<meta property=\"og:image\" content=\"https:\/\/icanspoon.com\/wp-content\/uploads\/2022\/11\/IMG_8717-scaled.jpeg\" \/>\n\t<meta property=\"og:image:width\" content=\"2560\" \/>\n\t<meta property=\"og:image:height\" content=\"2560\" \/>\n\t<meta property=\"og:image:type\" content=\"image\/jpeg\" \/>\n<meta name=\"twitter:card\" content=\"summary_large_image\" \/>\n<meta name=\"twitter:label1\" content=\"Ber\u00e4knad l\u00e4stid\" \/>\n\t<meta name=\"twitter:data1\" content=\"1 minut\" \/>\n<script type=\"application\/ld+json\" class=\"yoast-schema-graph\">{\"@context\":\"https:\/\/schema.org\",\"@graph\":[{\"@type\":\"WebPage\",\"@id\":\"https:\/\/icanspoon.com\/sv\/produkt\/alla-farger-12-i-can-spoons-klassisk-line-soft-line\/\",\"url\":\"https:\/\/icanspoon.com\/sv\/produkt\/alla-farger-12-i-can-spoons-klassisk-line-soft-line\/\",\"name\":\"I can spoon classic line + soft line - Alla f\u00e4rger - I can spoon\",\"isPartOf\":{\"@id\":\"https:\/\/icanspoon.com\/sv\/#website\"},\"primaryImageOfPage\":{\"@id\":\"https:\/\/icanspoon.com\/sv\/produkt\/alla-farger-12-i-can-spoons-klassisk-line-soft-line\/#primaryimage\"},\"image\":{\"@id\":\"https:\/\/icanspoon.com\/sv\/produkt\/alla-farger-12-i-can-spoons-klassisk-line-soft-line\/#primaryimage\"},\"thumbnailUrl\":\"https:\/\/icanspoon.com\/wp-content\/uploads\/2022\/11\/IMG_8717-scaled.jpeg\",\"datePublished\":\"2022-10-31T19:02:25+00:00\",\"dateModified\":\"2023-09-02T11:12:14+00:00\",\"description\":\"I can spoon i alla f\u00e4rger - klassisk linje + mjuk linje. I can spoon \u00e4r det perfekta alternativet f\u00f6r sp\u00e4dbarn som h\u00e5ller p\u00e5 att l\u00e4ra sig att \u00e4ta. Skaffa din I can spoon nu!\",\"breadcrumb\":{\"@id\":\"https:\/\/icanspoon.com\/sv\/produkt\/alla-farger-12-i-can-spoons-klassisk-line-soft-line\/#breadcrumb\"},\"inLanguage\":\"sv-SE\",\"potentialAction\":[{\"@type\":\"ReadAction\",\"target\":[\"https:\/\/icanspoon.com\/sv\/produkt\/alla-farger-12-i-can-spoons-klassisk-line-soft-line\/\"]}]},{\"@type\":\"ImageObject\",\"inLanguage\":\"sv-SE\",\"@id\":\"https:\/\/icanspoon.com\/sv\/produkt\/alla-farger-12-i-can-spoons-klassisk-line-soft-line\/#primaryimage\",\"url\":\"https:\/\/icanspoon.com\/wp-content\/uploads\/2022\/11\/IMG_8717-scaled.jpeg\",\"contentUrl\":\"https:\/\/icanspoon.com\/wp-content\/uploads\/2022\/11\/IMG_8717-scaled.jpeg\",\"width\":2560,\"height\":2560},{\"@type\":\"BreadcrumbList\",\"@id\":\"https:\/\/icanspoon.com\/sv\/produkt\/alla-farger-12-i-can-spoons-klassisk-line-soft-line\/#breadcrumb\",\"itemListElement\":[{\"@type\":\"ListItem\",\"position\":1,\"name\":\"Home\",\"item\":\"https:\/\/icanspoon.com\/sv\/\"},{\"@type\":\"ListItem\",\"position\":2,\"name\":\"Butik\",\"item\":\"https:\/\/icanspoon.com\/en\/shop\/\"},{\"@type\":\"ListItem\",\"position\":3,\"name\":\"I can spoon classic line + soft line &#8211; Alla f\u00e4rger\"}]},{\"@type\":\"WebSite\",\"@id\":\"https:\/\/icanspoon.com\/sv\/#website\",\"url\":\"https:\/\/icanspoon.com\/sv\/\",\"name\":\"I can spoon\",\"description\":\"Proprobably the best baby spoon in the worls\",\"publisher\":{\"@id\":\"https:\/\/icanspoon.com\/sv\/#organization\"},\"potentialAction\":[{\"@type\":\"SearchAction\",\"target\":{\"@type\":\"EntryPoint\",\"urlTemplate\":\"https:\/\/icanspoon.com\/sv\/?s={search_term_string}\"},\"query-input\":{\"@type\":\"PropertyValueSpecification\",\"valueRequired\":true,\"valueName\":\"search_term_string\"}}],\"inLanguage\":\"sv-SE\"},{\"@type\":\"Organization\",\"@id\":\"https:\/\/icanspoon.com\/sv\/#organization\",\"name\":\"I Can Spoon\",\"url\":\"https:\/\/icanspoon.com\/sv\/\",\"logo\":{\"@type\":\"ImageObject\",\"inLanguage\":\"sv-SE\",\"@id\":\"https:\/\/icanspoon.com\/sv\/#\/schema\/logo\/image\/\",\"url\":\"https:\/\/icanspoon.com\/wp-content\/uploads\/2022\/10\/ican-logo3.png\",\"contentUrl\":\"https:\/\/icanspoon.com\/wp-content\/uploads\/2022\/10\/ican-logo3.png\",\"width\":288,\"height\":200,\"caption\":\"I Can Spoon\"},\"image\":{\"@id\":\"https:\/\/icanspoon.com\/sv\/#\/schema\/logo\/image\/\"}}]}<\/script>\n<!-- \/ Yoast SEO plugin. -->","yoast_head_json":{"title":"I can spoon classic line + soft line - Alla f\u00e4rger - I can spoon","description":"I can spoon i alla f\u00e4rger - klassisk linje + mjuk linje. I can spoon \u00e4r det perfekta alternativet f\u00f6r sp\u00e4dbarn som h\u00e5ller p\u00e5 att l\u00e4ra sig att \u00e4ta. Skaffa din I can spoon nu!","robots":{"index":"index","follow":"follow","max-snippet":"max-snippet:-1","max-image-preview":"max-image-preview:large","max-video-preview":"max-video-preview:-1"},"canonical":"https:\/\/icanspoon.com\/sv\/produkt\/alla-farger-12-i-can-spoons-klassisk-line-soft-line\/","og_locale":"sv_SE","og_type":"article","og_title":"I can spoon classic line + soft line - Alla f\u00e4rger - I can spoon","og_description":"I can spoon i alla f\u00e4rger - klassisk linje + mjuk linje. I can spoon \u00e4r det perfekta alternativet f\u00f6r sp\u00e4dbarn som h\u00e5ller p\u00e5 att l\u00e4ra sig att \u00e4ta. Skaffa din I can spoon nu!","og_url":"https:\/\/icanspoon.com\/sv\/produkt\/alla-farger-12-i-can-spoons-klassisk-line-soft-line\/","og_site_name":"I can spoon","article_modified_time":"2023-09-02T11:12:14+00:00","og_image":[{"width":2560,"height":2560,"url":"https:\/\/icanspoon.com\/wp-content\/uploads\/2022\/11\/IMG_8717-scaled.jpeg","type":"image\/jpeg"}],"twitter_card":"summary_large_image","twitter_misc":{"Ber\u00e4knad l\u00e4stid":"1 minut"},"schema":{"@context":"https:\/\/schema.org","@graph":[{"@type":"WebPage","@id":"https:\/\/icanspoon.com\/sv\/produkt\/alla-farger-12-i-can-spoons-klassisk-line-soft-line\/","url":"https:\/\/icanspoon.com\/sv\/produkt\/alla-farger-12-i-can-spoons-klassisk-line-soft-line\/","name":"I can spoon classic line + soft line - Alla f\u00e4rger - I can spoon","isPartOf":{"@id":"https:\/\/icanspoon.com\/sv\/#website"},"primaryImageOfPage":{"@id":"https:\/\/icanspoon.com\/sv\/produkt\/alla-farger-12-i-can-spoons-klassisk-line-soft-line\/#primaryimage"},"image":{"@id":"https:\/\/icanspoon.com\/sv\/produkt\/alla-farger-12-i-can-spoons-klassisk-line-soft-line\/#primaryimage"},"thumbnailUrl":"https:\/\/icanspoon.com\/wp-content\/uploads\/2022\/11\/IMG_8717-scaled.jpeg","datePublished":"2022-10-31T19:02:25+00:00","dateModified":"2023-09-02T11:12:14+00:00","description":"I can spoon i alla f\u00e4rger - klassisk linje + mjuk linje. I can spoon \u00e4r det perfekta alternativet f\u00f6r sp\u00e4dbarn som h\u00e5ller p\u00e5 att l\u00e4ra sig att \u00e4ta. Skaffa din I can spoon nu!","breadcrumb":{"@id":"https:\/\/icanspoon.com\/sv\/produkt\/alla-farger-12-i-can-spoons-klassisk-line-soft-line\/#breadcrumb"},"inLanguage":"sv-SE","potentialAction":[{"@type":"ReadAction","target":["https:\/\/icanspoon.com\/sv\/produkt\/alla-farger-12-i-can-spoons-klassisk-line-soft-line\/"]}]},{"@type":"ImageObject","inLanguage":"sv-SE","@id":"https:\/\/icanspoon.com\/sv\/produkt\/alla-farger-12-i-can-spoons-klassisk-line-soft-line\/#primaryimage","url":"https:\/\/icanspoon.com\/wp-content\/uploads\/2022\/11\/IMG_8717-scaled.jpeg","contentUrl":"https:\/\/icanspoon.com\/wp-content\/uploads\/2022\/11\/IMG_8717-scaled.jpeg","width":2560,"height":2560},{"@type":"BreadcrumbList","@id":"https:\/\/icanspoon.com\/sv\/produkt\/alla-farger-12-i-can-spoons-klassisk-line-soft-line\/#breadcrumb","itemListElement":[{"@type":"ListItem","position":1,"name":"Home","item":"https:\/\/icanspoon.com\/sv\/"},{"@type":"ListItem","position":2,"name":"Butik","item":"https:\/\/icanspoon.com\/en\/shop\/"},{"@type":"ListItem","position":3,"name":"I can spoon classic line + soft line &#8211; Alla f\u00e4rger"}]},{"@type":"WebSite","@id":"https:\/\/icanspoon.com\/sv\/#website","url":"https:\/\/icanspoon.com\/sv\/","name":"I can spoon","description":"Proprobably the best baby spoon in the worls","publisher":{"@id":"https:\/\/icanspoon.com\/sv\/#organization"},"potentialAction":[{"@type":"SearchAction","target":{"@type":"EntryPoint","urlTemplate":"https:\/\/icanspoon.com\/sv\/?s={search_term_string}"},"query-input":{"@type":"PropertyValueSpecification","valueRequired":true,"valueName":"search_term_string"}}],"inLanguage":"sv-SE"},{"@type":"Organization","@id":"https:\/\/icanspoon.com\/sv\/#organization","name":"I Can Spoon","url":"https:\/\/icanspoon.com\/sv\/","logo":{"@type":"ImageObject","inLanguage":"sv-SE","@id":"https:\/\/icanspoon.com\/sv\/#\/schema\/logo\/image\/","url":"https:\/\/icanspoon.com\/wp-content\/uploads\/2022\/10\/ican-logo3.png","contentUrl":"https:\/\/icanspoon.com\/wp-content\/uploads\/2022\/10\/ican-logo3.png","width":288,"height":200,"caption":"I Can Spoon"},"image":{"@id":"https:\/\/icanspoon.com\/sv\/#\/schema\/logo\/image\/"}}]}},"_links":{"self":[{"href":"https:\/\/icanspoon.com\/sv\/wp-json\/wp\/v2\/product\/5920","targetHints":{"allow":["GET"]}}],"collection":[{"href":"https:\/\/icanspoon.com\/sv\/wp-json\/wp\/v2\/product"}],"about":[{"href":"https:\/\/icanspoon.com\/sv\/wp-json\/wp\/v2\/types\/product"}],"version-history":[{"count":0,"href":"https:\/\/icanspoon.com\/sv\/wp-json\/wp\/v2\/product\/5920\/revisions"}],"wp:featuredmedia":[{"embeddable":true,"href":"https:\/\/icanspoon.com\/sv\/wp-json\/wp\/v2\/media\/5057"}],"wp:attachment":[{"href":"https:\/\/icanspoon.com\/sv\/wp-json\/wp\/v2\/media?parent=5920"}],"wp:term":[{"taxonomy":"product_brand","embeddable":true,"href":"https:\/\/icanspoon.com\/sv\/wp-json\/wp\/v2\/product_brand?post=5920"},{"taxonomy":"product_cat","embeddable":true,"href":"https:\/\/icanspoon.com\/sv\/wp-json\/wp\/v2\/product_cat?post=5920"},{"taxonomy":"product_tag","embeddable":true,"href":"https:\/\/icanspoon.com\/sv\/wp-json\/wp\/v2\/product_tag?post=5920"}],"curies":[{"name":"wp","href":"https:\/\/api.w.org\/{rel}","templated":true}]}}