{"id":857,"date":"2022-10-29T10:57:02","date_gmt":"2022-10-29T10:57:02","guid":{"rendered":"https:\/\/icanspoon.com\/varukorg\/"},"modified":"2022-11-08T11:34:52","modified_gmt":"2022-11-08T11:34:52","slug":"varukorg","status":"publish","type":"page","link":"https:\/\/icanspoon.com\/sv\/varukorg\/","title":{"rendered":"Varukorg"},"content":{"rendered":"\t\t<div data-elementor-type=\"wp-page\" data-elementor-id=\"857\" class=\"elementor elementor-857 elementor-6\" data-elementor-post-type=\"page\">\n\t\t\t\t\t\t<section class=\"elementor-section elementor-top-section elementor-element elementor-element-48876493 elementor-section-boxed elementor-section-height-default elementor-section-height-default\" data-id=\"48876493\" data-element_type=\"section\" data-settings=\"{&quot;background_background&quot;:&quot;classic&quot;,&quot;jet_parallax_layout_list&quot;:[]}\">\n\t\t\t\t\t\t<div class=\"elementor-container elementor-column-gap-default\">\n\t\t\t\t\t<div class=\"elementor-column elementor-col-100 elementor-top-column elementor-element elementor-element-625daf60\" data-id=\"625daf60\" data-element_type=\"column\">\n\t\t\t<div class=\"elementor-widget-wrap elementor-element-populated\">\n\t\t\t\t\t\t<div class=\"elementor-element elementor-element-6a53de32 elementor-widget elementor-widget-heading\" data-id=\"6a53de32\" data-element_type=\"widget\" data-widget_type=\"heading.default\">\n\t\t\t\t<div class=\"elementor-widget-container\">\n\t\t\t\t\t<h2 class=\"elementor-heading-title elementor-size-default\">Shop Product<\/h2>\t\t\t\t<\/div>\n\t\t\t\t<\/div>\n\t\t\t\t<div class=\"elementor-element elementor-element-78ec14ec elementor-invisible elementor-widget elementor-widget-heading\" data-id=\"78ec14ec\" data-element_type=\"widget\" data-settings=\"{&quot;_animation&quot;:&quot;rubberBand&quot;}\" data-widget_type=\"heading.default\">\n\t\t\t\t<div class=\"elementor-widget-container\">\n\t\t\t\t\t<h2 class=\"elementor-heading-title elementor-size-default\">Cart Page<\/h2>\t\t\t\t<\/div>\n\t\t\t\t<\/div>\n\t\t\t\t<div class=\"elementor-element elementor-element-76814705 elementor-widget-divider--separator-type-pattern elementor-widget-divider--view-line elementor-widget elementor-widget-divider\" data-id=\"76814705\" data-element_type=\"widget\" data-widget_type=\"divider.default\">\n\t\t\t\t<div class=\"elementor-widget-container\">\n\t\t\t\t\t\t\t<div class=\"elementor-divider\" style=\"--divider-pattern-url: url(&quot;data:image\/svg+xml,%3Csvg xmlns=&#039;http:\/\/www.w3.org\/2000\/svg&#039; preserveAspectRatio=&#039;none&#039; overflow=&#039;visible&#039; height=&#039;100%&#039; viewBox=&#039;0 0 24 24&#039; fill=&#039;none&#039; stroke=&#039;black&#039; stroke-width=&#039;4&#039; stroke-linecap=&#039;square&#039; stroke-miterlimit=&#039;10&#039;%3E%3Cpath d=&#039;M0,21c3.3,0,8.3-0.9,15.7-7.1c6.6-5.4,4.4-9.3,2.4-10.3c-3.4-1.8-7.7,1.3-7.3,8.8C11.2,20,17.1,21,24,21&#039;\/%3E%3C\/svg%3E&quot;);\">\n\t\t\t<span class=\"elementor-divider-separator\">\n\t\t\t\t\t\t<\/span>\n\t\t<\/div>\n\t\t\t\t\t\t<\/div>\n\t\t\t\t<\/div>\n\t\t\t\t\t<\/div>\n\t\t<\/div>\n\t\t\t\t\t<\/div>\n\t\t<\/section>\n\t\t\t\t<section class=\"elementor-section elementor-top-section elementor-element elementor-element-2963ca4b elementor-section-boxed elementor-section-height-default elementor-section-height-default\" data-id=\"2963ca4b\" data-element_type=\"section\" data-settings=\"{&quot;jet_parallax_layout_list&quot;:[]}\">\n\t\t\t\t\t\t<div class=\"elementor-container elementor-column-gap-default\">\n\t\t\t\t\t<div class=\"elementor-column elementor-col-100 elementor-top-column elementor-element elementor-element-70cb8fd4\" data-id=\"70cb8fd4\" data-element_type=\"column\">\n\t\t\t<div class=\"elementor-widget-wrap elementor-element-populated\">\n\t\t\t\t\t\t<div class=\"elementor-element elementor-element-1d3a1399 e-cart-layout-two-column elementor-widget elementor-widget-woocommerce-cart\" data-id=\"1d3a1399\" data-element_type=\"widget\" data-widget_type=\"woocommerce-cart.default\">\n\t\t\t\t<div class=\"elementor-widget-container\">\n\t\t\t\t\t<div class=\"woocommerce\"><div class=\"woocommerce-notices-wrapper\"><\/div><div class=\"wc-empty-cart-message\">\n\t<div class=\"cart-empty woocommerce-info\" role=\"status\">\n\t\tDin varukorg \u00e4r f\u00f6r n\u00e4rvarande tom.\t<\/div>\n<\/div>\t<p class=\"return-to-shop\">\n\t\t<a class=\"button wc-backward\" href=\"https:\/\/icanspoon.com\/sv\/shop\/\">\n\t\t\tG\u00e5 tillbaka till butiken\t\t<\/a>\n\t<\/p>\n<\/div>\t\t\t\t<\/div>\n\t\t\t\t<\/div>\n\t\t\t\t\t<\/div>\n\t\t<\/div>\n\t\t\t\t\t<\/div>\n\t\t<\/section>\n\t\t\t\t<section class=\"elementor-section elementor-top-section elementor-element elementor-element-6869fee4 elementor-section-boxed elementor-section-height-default elementor-section-height-default\" data-id=\"6869fee4\" data-element_type=\"section\" data-settings=\"{&quot;background_background&quot;:&quot;classic&quot;,&quot;jet_parallax_layout_list&quot;:[]}\">\n\t\t\t\t\t\t\t<div class=\"elementor-background-overlay\"><\/div>\n\t\t\t\t\t\t\t<div class=\"elementor-container elementor-column-gap-default\">\n\t\t\t\t\t<div class=\"elementor-column elementor-col-50 elementor-top-column elementor-element elementor-element-6f7c3eee\" data-id=\"6f7c3eee\" data-element_type=\"column\" data-settings=\"{&quot;background_background&quot;:&quot;classic&quot;}\">\n\t\t\t<div class=\"elementor-widget-wrap elementor-element-populated\">\n\t\t\t\t\t<div class=\"elementor-background-overlay\"><\/div>\n\t\t\t\t\t\t<div class=\"elementor-element elementor-element-268d070b elementor-widget elementor-widget-spacer\" data-id=\"268d070b\" data-element_type=\"widget\" data-widget_type=\"spacer.default\">\n\t\t\t\t<div class=\"elementor-widget-container\">\n\t\t\t\t\t\t\t<div class=\"elementor-spacer\">\n\t\t\t<div class=\"elementor-spacer-inner\"><\/div>\n\t\t<\/div>\n\t\t\t\t\t\t<\/div>\n\t\t\t\t<\/div>\n\t\t\t\t\t<\/div>\n\t\t<\/div>\n\t\t\t\t<div class=\"elementor-column elementor-col-50 elementor-top-column elementor-element elementor-element-151a7223\" data-id=\"151a7223\" data-element_type=\"column\">\n\t\t\t<div class=\"elementor-widget-wrap elementor-element-populated\">\n\t\t\t\t\t\t<div class=\"elementor-element elementor-element-535033b1 elementor-widget__width-auto elementor-absolute e-transform e-transform elementor-invisible elementor-widget elementor-widget-image\" data-id=\"535033b1\" data-element_type=\"widget\" data-settings=\"{&quot;_position&quot;:&quot;absolute&quot;,&quot;_animation&quot;:&quot;rotateIn&quot;,&quot;_transform_rotateZ_effect&quot;:{&quot;unit&quot;:&quot;px&quot;,&quot;size&quot;:25,&quot;sizes&quot;:[]},&quot;_transform_flipX_effect&quot;:&quot;transform&quot;,&quot;_transform_rotateZ_effect_tablet&quot;:{&quot;unit&quot;:&quot;deg&quot;,&quot;size&quot;:&quot;&quot;,&quot;sizes&quot;:[]},&quot;_transform_rotateZ_effect_mobile&quot;:{&quot;unit&quot;:&quot;deg&quot;,&quot;size&quot;:&quot;&quot;,&quot;sizes&quot;:[]}}\" data-widget_type=\"image.default\">\n\t\t\t\t<div class=\"elementor-widget-container\">\n\t\t\t\t\t\t\t\t\t\t\t\t\t\t\t<img decoding=\"async\" src=\"https:\/\/icanspoon.com\/wp-content\/uploads\/2022\/10\/Decoration2.png\" title=\"\" alt=\"\" loading=\"lazy\" \/>\t\t\t\t\t\t\t\t\t\t\t\t\t\t\t<\/div>\n\t\t\t\t<\/div>\n\t\t\t\t<div class=\"elementor-element elementor-element-5b32e6e2 elementor-widget__width-auto elementor-absolute e-transform e-transform elementor-invisible elementor-widget elementor-widget-image\" data-id=\"5b32e6e2\" data-element_type=\"widget\" data-settings=\"{&quot;_position&quot;:&quot;absolute&quot;,&quot;_animation&quot;:&quot;rotateInUpLeft&quot;,&quot;_animation_delay&quot;:360,&quot;_transform_rotateZ_effect&quot;:{&quot;unit&quot;:&quot;px&quot;,&quot;size&quot;:65,&quot;sizes&quot;:[]},&quot;_transform_flipX_effect&quot;:&quot;transform&quot;,&quot;_transform_rotateZ_effect_tablet&quot;:{&quot;unit&quot;:&quot;deg&quot;,&quot;size&quot;:&quot;&quot;,&quot;sizes&quot;:[]},&quot;_transform_rotateZ_effect_mobile&quot;:{&quot;unit&quot;:&quot;deg&quot;,&quot;size&quot;:&quot;&quot;,&quot;sizes&quot;:[]}}\" data-widget_type=\"image.default\">\n\t\t\t\t<div class=\"elementor-widget-container\">\n\t\t\t\t\t\t\t\t\t\t\t\t\t\t\t<img decoding=\"async\" src=\"https:\/\/icanspoon.com\/wp-content\/uploads\/2022\/10\/Decoration1-1.png\" title=\"\" alt=\"\" loading=\"lazy\" \/>\t\t\t\t\t\t\t\t\t\t\t\t\t\t\t<\/div>\n\t\t\t\t<\/div>\n\t\t\t\t<div class=\"elementor-element elementor-element-83d69b2 elementor-widget elementor-widget-heading\" data-id=\"83d69b2\" data-element_type=\"widget\" data-widget_type=\"heading.default\">\n\t\t\t\t<div class=\"elementor-widget-container\">\n\t\t\t\t\t<h2 class=\"elementor-heading-title elementor-size-default\">Additional discount up to 30% for your first purchase<\/h2>\t\t\t\t<\/div>\n\t\t\t\t<\/div>\n\t\t\t\t<div class=\"elementor-element elementor-element-3f41147b elementor-widget elementor-widget-text-editor\" data-id=\"3f41147b\" data-element_type=\"widget\" data-widget_type=\"text-editor.default\">\n\t\t\t\t<div class=\"elementor-widget-container\">\n\t\t\t\t\t\t\t\t\t<p>Ullamcorper mollis montes curabitur curae phasellus fames bibendum.<\/p>\t\t\t\t\t\t\t\t<\/div>\n\t\t\t\t<\/div>\n\t\t\t\t<div class=\"elementor-element elementor-element-16c5068a elementor-mobile-align-center elementor-widget elementor-widget-button\" data-id=\"16c5068a\" data-element_type=\"widget\" data-widget_type=\"button.default\">\n\t\t\t\t<div class=\"elementor-widget-container\">\n\t\t\t\t\t\t\t\t\t<div class=\"elementor-button-wrapper\">\n\t\t\t\t\t<a class=\"elementor-button elementor-button-link elementor-size-md\" href=\"#\">\n\t\t\t\t\t\t<span class=\"elementor-button-content-wrapper\">\n\t\t\t\t\t\t\t\t\t<span class=\"elementor-button-text\">Shop Now !<\/span>\n\t\t\t\t\t<\/span>\n\t\t\t\t\t<\/a>\n\t\t\t\t<\/div>\n\t\t\t\t\t\t\t\t<\/div>\n\t\t\t\t<\/div>\n\t\t\t\t\t<\/div>\n\t\t<\/div>\n\t\t\t\t\t<\/div>\n\t\t<\/section>\n\t\t\t\t<\/div>\n\t\t","protected":false},"excerpt":{"rendered":"<p>Shop Product Cart Page Din varukorg \u00e4r f\u00f6r n\u00e4rvarande tom. G\u00e5 tillbaka till butiken Additional discount up to 30% for your first purchase Ullamcorper mollis montes curabitur curae phasellus fames bibendum. Shop Now !<\/p>\n","protected":false},"author":1,"featured_media":0,"parent":0,"menu_order":0,"comment_status":"closed","ping_status":"closed","template":"","meta":{"_jet_sm_ready_style":"","_jet_sm_style":"","_jet_sm_controls_values":"","_jet_sm_fonts_collection":"","_jet_sm_fonts_links":"","footnotes":""},"class_list":["post-857","page","type-page","status-publish","hentry"],"yoast_head":"<!-- This site is optimized with the Yoast SEO plugin v26.5 - https:\/\/yoast.com\/wordpress\/plugins\/seo\/ -->\n<title>Varukorg - I can spoon<\/title>\n<meta name=\"robots\" content=\"index, follow, max-snippet:-1, max-image-preview:large, max-video-preview:-1\" \/>\n<link rel=\"canonical\" href=\"https:\/\/icanspoon.com\/sv\/varukorg\/\" \/>\n<meta property=\"og:locale\" content=\"sv_SE\" \/>\n<meta property=\"og:type\" content=\"article\" \/>\n<meta property=\"og:title\" content=\"Varukorg - I can spoon\" \/>\n<meta property=\"og:description\" content=\"Shop Product Cart Page Din varukorg \u00e4r f\u00f6r n\u00e4rvarande tom. G\u00e5 tillbaka till butiken Additional discount up to 30% for your first purchase Ullamcorper mollis montes curabitur curae phasellus fames bibendum. Shop Now !\" \/>\n<meta property=\"og:url\" content=\"https:\/\/icanspoon.com\/sv\/varukorg\/\" \/>\n<meta property=\"og:site_name\" content=\"I can spoon\" \/>\n<meta property=\"article:modified_time\" content=\"2022-11-08T11:34:52+00:00\" \/>\n<meta property=\"og:image\" content=\"https:\/\/icanspoon.com\/wp-content\/uploads\/2022\/10\/Decoration2.png\" \/>\n<meta name=\"twitter:card\" content=\"summary_large_image\" \/>\n<script type=\"application\/ld+json\" class=\"yoast-schema-graph\">{\"@context\":\"https:\/\/schema.org\",\"@graph\":[{\"@type\":\"WebPage\",\"@id\":\"https:\/\/icanspoon.com\/sv\/varukorg\/\",\"url\":\"https:\/\/icanspoon.com\/sv\/varukorg\/\",\"name\":\"Varukorg - I can spoon\",\"isPartOf\":{\"@id\":\"https:\/\/icanspoon.com\/sv\/#website\"},\"primaryImageOfPage\":{\"@id\":\"https:\/\/icanspoon.com\/sv\/varukorg\/#primaryimage\"},\"image\":{\"@id\":\"https:\/\/icanspoon.com\/sv\/varukorg\/#primaryimage\"},\"thumbnailUrl\":\"https:\/\/icanspoon.com\/wp-content\/uploads\/2022\/10\/Decoration2.png\",\"datePublished\":\"2022-10-29T10:57:02+00:00\",\"dateModified\":\"2022-11-08T11:34:52+00:00\",\"breadcrumb\":{\"@id\":\"https:\/\/icanspoon.com\/sv\/varukorg\/#breadcrumb\"},\"inLanguage\":\"sv-SE\",\"potentialAction\":[{\"@type\":\"ReadAction\",\"target\":[\"https:\/\/icanspoon.com\/sv\/varukorg\/\"]}]},{\"@type\":\"ImageObject\",\"inLanguage\":\"sv-SE\",\"@id\":\"https:\/\/icanspoon.com\/sv\/varukorg\/#primaryimage\",\"url\":\"https:\/\/icanspoon.com\/wp-content\/uploads\/2022\/10\/Decoration2.png\",\"contentUrl\":\"https:\/\/icanspoon.com\/wp-content\/uploads\/2022\/10\/Decoration2.png\"},{\"@type\":\"BreadcrumbList\",\"@id\":\"https:\/\/icanspoon.com\/sv\/varukorg\/#breadcrumb\",\"itemListElement\":[{\"@type\":\"ListItem\",\"position\":1,\"name\":\"Home\",\"item\":\"https:\/\/icanspoon.com\/sv\/\"},{\"@type\":\"ListItem\",\"position\":2,\"name\":\"Varukorg\"}]},{\"@type\":\"WebSite\",\"@id\":\"https:\/\/icanspoon.com\/sv\/#website\",\"url\":\"https:\/\/icanspoon.com\/sv\/\",\"name\":\"I can spoon\",\"description\":\"Proprobably the best baby spoon in the worls\",\"publisher\":{\"@id\":\"https:\/\/icanspoon.com\/sv\/#organization\"},\"potentialAction\":[{\"@type\":\"SearchAction\",\"target\":{\"@type\":\"EntryPoint\",\"urlTemplate\":\"https:\/\/icanspoon.com\/sv\/?s={search_term_string}\"},\"query-input\":{\"@type\":\"PropertyValueSpecification\",\"valueRequired\":true,\"valueName\":\"search_term_string\"}}],\"inLanguage\":\"sv-SE\"},{\"@type\":\"Organization\",\"@id\":\"https:\/\/icanspoon.com\/sv\/#organization\",\"name\":\"I Can Spoon\",\"url\":\"https:\/\/icanspoon.com\/sv\/\",\"logo\":{\"@type\":\"ImageObject\",\"inLanguage\":\"sv-SE\",\"@id\":\"https:\/\/icanspoon.com\/sv\/#\/schema\/logo\/image\/\",\"url\":\"https:\/\/icanspoon.com\/wp-content\/uploads\/2022\/10\/ican-logo3.png\",\"contentUrl\":\"https:\/\/icanspoon.com\/wp-content\/uploads\/2022\/10\/ican-logo3.png\",\"width\":288,\"height\":200,\"caption\":\"I Can Spoon\"},\"image\":{\"@id\":\"https:\/\/icanspoon.com\/sv\/#\/schema\/logo\/image\/\"}}]}<\/script>\n<!-- \/ Yoast SEO plugin. -->","yoast_head_json":{"title":"Varukorg - I can spoon","robots":{"index":"index","follow":"follow","max-snippet":"max-snippet:-1","max-image-preview":"max-image-preview:large","max-video-preview":"max-video-preview:-1"},"canonical":"https:\/\/icanspoon.com\/sv\/varukorg\/","og_locale":"sv_SE","og_type":"article","og_title":"Varukorg - I can spoon","og_description":"Shop Product Cart Page Din varukorg \u00e4r f\u00f6r n\u00e4rvarande tom. G\u00e5 tillbaka till butiken Additional discount up to 30% for your first purchase Ullamcorper mollis montes curabitur curae phasellus fames bibendum. Shop Now !","og_url":"https:\/\/icanspoon.com\/sv\/varukorg\/","og_site_name":"I can spoon","article_modified_time":"2022-11-08T11:34:52+00:00","og_image":[{"url":"https:\/\/icanspoon.com\/wp-content\/uploads\/2022\/10\/Decoration2.png","type":"","width":"","height":""}],"twitter_card":"summary_large_image","schema":{"@context":"https:\/\/schema.org","@graph":[{"@type":"WebPage","@id":"https:\/\/icanspoon.com\/sv\/varukorg\/","url":"https:\/\/icanspoon.com\/sv\/varukorg\/","name":"Varukorg - I can spoon","isPartOf":{"@id":"https:\/\/icanspoon.com\/sv\/#website"},"primaryImageOfPage":{"@id":"https:\/\/icanspoon.com\/sv\/varukorg\/#primaryimage"},"image":{"@id":"https:\/\/icanspoon.com\/sv\/varukorg\/#primaryimage"},"thumbnailUrl":"https:\/\/icanspoon.com\/wp-content\/uploads\/2022\/10\/Decoration2.png","datePublished":"2022-10-29T10:57:02+00:00","dateModified":"2022-11-08T11:34:52+00:00","breadcrumb":{"@id":"https:\/\/icanspoon.com\/sv\/varukorg\/#breadcrumb"},"inLanguage":"sv-SE","potentialAction":[{"@type":"ReadAction","target":["https:\/\/icanspoon.com\/sv\/varukorg\/"]}]},{"@type":"ImageObject","inLanguage":"sv-SE","@id":"https:\/\/icanspoon.com\/sv\/varukorg\/#primaryimage","url":"https:\/\/icanspoon.com\/wp-content\/uploads\/2022\/10\/Decoration2.png","contentUrl":"https:\/\/icanspoon.com\/wp-content\/uploads\/2022\/10\/Decoration2.png"},{"@type":"BreadcrumbList","@id":"https:\/\/icanspoon.com\/sv\/varukorg\/#breadcrumb","itemListElement":[{"@type":"ListItem","position":1,"name":"Home","item":"https:\/\/icanspoon.com\/sv\/"},{"@type":"ListItem","position":2,"name":"Varukorg"}]},{"@type":"WebSite","@id":"https:\/\/icanspoon.com\/sv\/#website","url":"https:\/\/icanspoon.com\/sv\/","name":"I can spoon","description":"Proprobably the best baby spoon in the worls","publisher":{"@id":"https:\/\/icanspoon.com\/sv\/#organization"},"potentialAction":[{"@type":"SearchAction","target":{"@type":"EntryPoint","urlTemplate":"https:\/\/icanspoon.com\/sv\/?s={search_term_string}"},"query-input":{"@type":"PropertyValueSpecification","valueRequired":true,"valueName":"search_term_string"}}],"inLanguage":"sv-SE"},{"@type":"Organization","@id":"https:\/\/icanspoon.com\/sv\/#organization","name":"I Can Spoon","url":"https:\/\/icanspoon.com\/sv\/","logo":{"@type":"ImageObject","inLanguage":"sv-SE","@id":"https:\/\/icanspoon.com\/sv\/#\/schema\/logo\/image\/","url":"https:\/\/icanspoon.com\/wp-content\/uploads\/2022\/10\/ican-logo3.png","contentUrl":"https:\/\/icanspoon.com\/wp-content\/uploads\/2022\/10\/ican-logo3.png","width":288,"height":200,"caption":"I Can Spoon"},"image":{"@id":"https:\/\/icanspoon.com\/sv\/#\/schema\/logo\/image\/"}}]}},"_links":{"self":[{"href":"https:\/\/icanspoon.com\/sv\/wp-json\/wp\/v2\/pages\/857","targetHints":{"allow":["GET"]}}],"collection":[{"href":"https:\/\/icanspoon.com\/sv\/wp-json\/wp\/v2\/pages"}],"about":[{"href":"https:\/\/icanspoon.com\/sv\/wp-json\/wp\/v2\/types\/page"}],"author":[{"embeddable":true,"href":"https:\/\/icanspoon.com\/sv\/wp-json\/wp\/v2\/users\/1"}],"replies":[{"embeddable":true,"href":"https:\/\/icanspoon.com\/sv\/wp-json\/wp\/v2\/comments?post=857"}],"version-history":[{"count":0,"href":"https:\/\/icanspoon.com\/sv\/wp-json\/wp\/v2\/pages\/857\/revisions"}],"wp:attachment":[{"href":"https:\/\/icanspoon.com\/sv\/wp-json\/wp\/v2\/media?parent=857"}],"curies":[{"name":"wp","href":"https:\/\/api.w.org\/{rel}","templated":true}]}}