{"id":6008,"date":"2022-10-31T19:02:24","date_gmt":"2022-10-31T19:02:24","guid":{"rendered":"https:\/\/icanspoon.com\/product\/i-can-spoon-soft-line-tutti-i-colori-soft-line\/"},"modified":"2023-09-02T12:37:22","modified_gmt":"2023-09-02T12:37:22","slug":"6-i-can-spoons-soft-line-tutti-i-colori","status":"publish","type":"product","link":"https:\/\/icanspoon.com\/it\/prodotto\/6-i-can-spoons-soft-line-tutti-i-colori\/","title":{"rendered":"I can spoon Soft line &#8211; tutti i colori Soft line"},"content":{"rendered":"<p>Sei I can spoons &#8211; Soft line I Can spoons \u00e8 una collaudata invenzione svedese del 2013 che rende pi\u00f9 facile per il bambino iniziare a mangiare da solo &#8211; personalizzata per le piccole mani. Grazie al peso ridotto e alla funzione multi-grip, il bambino pu\u00f2 impugnare il cucchiaio nel modo che preferisce. Le pinzette, il pollice, la precisione, la volata, il dito e la presa trasversale sono una presa molto pi\u00f9 utile della &#8220;presa a mano intera&#8221; a cui invitano tutti gli altri cucchiai per bambini. Il bambino allena le dita invece del braccio e passa in modo intuitivo dal mangiare con le mani.<\/p>\n<p>Il foro dei cucchiai I can consente il contatto tra il pollice e l&#8217;indice per una maggiore stabilit\u00e0 e, se il bambino lo desidera, pu\u00f2 forare il pollice o l&#8217;indice per una presa sicura.<\/p>\n<p>Secondo gli esperti, \u00e8 fondamentale che i pasti siano un&#8217;esperienza positiva fin dall&#8217;inizio. Molti bambini vogliono anche aiutarsi a mangiare. Allo stesso modo, mangiare \u00e8 di per s\u00e9 un modo eccellente per sviluppare le capacit\u00e0 motorie, il cibo \u00e8 una buona motivazione.<\/p>\n","protected":false},"excerpt":{"rendered":"<p><strong>Sei cucchiai di I can spoon &#8211; La linea morbida.<\/strong><\/p>\n<p><strong>Posso farlo anch&#8217;io!<\/strong> Vi suona familiare alle orecchie? La possibilit\u00e0 di esplorare e provare da soli \u00e8 una parte importante dello sviluppo delle capacit\u00e0 dei bambini. Il fondatore del cucchiaio per bambini I Can ha preso davvero sul serio la questione! Questo cucchiaio \u00e8 un must per tutti i bambini, per imparare a mangiare da soli.<\/p>\n","protected":false},"featured_media":1478,"template":"","meta":{"_jet_sm_ready_style":"","_jet_sm_style":"","_jet_sm_controls_values":"","_jet_sm_fonts_collection":"","_jet_sm_fonts_links":""},"product_brand":[],"product_cat":[61],"product_tag":[109],"class_list":{"0":"post-6008","1":"product","2":"type-product","3":"status-publish","4":"has-post-thumbnail","6":"product_cat-confezione-grande","7":"product_tag-i-can-spoons-soft-line-tutti-i-colori","9":"first","10":"instock","11":"taxable","12":"shipping-taxable","13":"purchasable","14":"product-type-simple"},"yoast_head":"<!-- This site is optimized with the Yoast SEO plugin v26.5 - https:\/\/yoast.com\/wordpress\/plugins\/seo\/ -->\n<title>I can spoon Soft line - tutti i colori Soft line - I can spoon<\/title>\n<meta name=\"description\" content=\"I can spoons Colori di linea morbidi. Acquistate subito i vostri I can spoons Confezione con sei cucchiai per bambini in bellissimi colori. Prendete il vostro ora!!!\" \/>\n<meta name=\"robots\" content=\"index, follow, max-snippet:-1, max-image-preview:large, max-video-preview:-1\" \/>\n<link rel=\"canonical\" href=\"https:\/\/icanspoon.com\/it\/prodotto\/6-i-can-spoons-soft-line-tutti-i-colori\/\" \/>\n<meta property=\"og:locale\" content=\"it_IT\" \/>\n<meta property=\"og:type\" content=\"article\" \/>\n<meta property=\"og:title\" content=\"I can spoon Soft line - tutti i colori Soft line - I can spoon\" \/>\n<meta property=\"og:description\" content=\"I can spoons Colori di linea morbidi. Acquistate subito i vostri I can spoons Confezione con sei cucchiai per bambini in bellissimi colori. Prendete il vostro ora!!!\" \/>\n<meta property=\"og:url\" content=\"https:\/\/icanspoon.com\/it\/prodotto\/6-i-can-spoons-soft-line-tutti-i-colori\/\" \/>\n<meta property=\"og:site_name\" content=\"I can spoon\" \/>\n<meta property=\"article:modified_time\" content=\"2023-09-02T12:37:22+00:00\" \/>\n<meta property=\"og:image\" content=\"https:\/\/icanspoon.com\/wp-content\/uploads\/2022\/10\/QT7B7872_2_r-scaled.jpg\" \/>\n\t<meta property=\"og:image:width\" content=\"2560\" \/>\n\t<meta property=\"og:image:height\" content=\"1707\" \/>\n\t<meta property=\"og:image:type\" content=\"image\/jpeg\" \/>\n<meta name=\"twitter:card\" content=\"summary_large_image\" \/>\n<meta name=\"twitter:label1\" content=\"Tempo di lettura stimato\" \/>\n\t<meta name=\"twitter:data1\" content=\"1 minuto\" \/>\n<script type=\"application\/ld+json\" class=\"yoast-schema-graph\">{\"@context\":\"https:\/\/schema.org\",\"@graph\":[{\"@type\":\"WebPage\",\"@id\":\"https:\/\/icanspoon.com\/it\/prodotto\/6-i-can-spoons-soft-line-tutti-i-colori\/\",\"url\":\"https:\/\/icanspoon.com\/it\/prodotto\/6-i-can-spoons-soft-line-tutti-i-colori\/\",\"name\":\"I can spoon Soft line - tutti i colori Soft line - I can spoon\",\"isPartOf\":{\"@id\":\"https:\/\/icanspoon.com\/it\/#website\"},\"primaryImageOfPage\":{\"@id\":\"https:\/\/icanspoon.com\/it\/prodotto\/6-i-can-spoons-soft-line-tutti-i-colori\/#primaryimage\"},\"image\":{\"@id\":\"https:\/\/icanspoon.com\/it\/prodotto\/6-i-can-spoons-soft-line-tutti-i-colori\/#primaryimage\"},\"thumbnailUrl\":\"https:\/\/icanspoon.com\/wp-content\/uploads\/2022\/10\/QT7B7872_2_r-scaled.jpg\",\"datePublished\":\"2022-10-31T19:02:24+00:00\",\"dateModified\":\"2023-09-02T12:37:22+00:00\",\"description\":\"I can spoons Colori di linea morbidi. Acquistate subito i vostri I can spoons Confezione con sei cucchiai per bambini in bellissimi colori. Prendete il vostro ora!!!\",\"breadcrumb\":{\"@id\":\"https:\/\/icanspoon.com\/it\/prodotto\/6-i-can-spoons-soft-line-tutti-i-colori\/#breadcrumb\"},\"inLanguage\":\"it-IT\",\"potentialAction\":[{\"@type\":\"ReadAction\",\"target\":[\"https:\/\/icanspoon.com\/it\/prodotto\/6-i-can-spoons-soft-line-tutti-i-colori\/\"]}]},{\"@type\":\"ImageObject\",\"inLanguage\":\"it-IT\",\"@id\":\"https:\/\/icanspoon.com\/it\/prodotto\/6-i-can-spoons-soft-line-tutti-i-colori\/#primaryimage\",\"url\":\"https:\/\/icanspoon.com\/wp-content\/uploads\/2022\/10\/QT7B7872_2_r-scaled.jpg\",\"contentUrl\":\"https:\/\/icanspoon.com\/wp-content\/uploads\/2022\/10\/QT7B7872_2_r-scaled.jpg\",\"width\":2560,\"height\":1707},{\"@type\":\"BreadcrumbList\",\"@id\":\"https:\/\/icanspoon.com\/it\/prodotto\/6-i-can-spoons-soft-line-tutti-i-colori\/#breadcrumb\",\"itemListElement\":[{\"@type\":\"ListItem\",\"position\":1,\"name\":\"Home\",\"item\":\"https:\/\/icanspoon.com\/it\/\"},{\"@type\":\"ListItem\",\"position\":2,\"name\":\"Negozio\",\"item\":\"https:\/\/icanspoon.com\/it\/negozio\/\"},{\"@type\":\"ListItem\",\"position\":3,\"name\":\"I can spoon Soft line &#8211; tutti i colori Soft line\"}]},{\"@type\":\"WebSite\",\"@id\":\"https:\/\/icanspoon.com\/it\/#website\",\"url\":\"https:\/\/icanspoon.com\/it\/\",\"name\":\"I can spoon\",\"description\":\"the best baby spoon for learning how to eat\",\"publisher\":{\"@id\":\"https:\/\/icanspoon.com\/it\/#organization\"},\"potentialAction\":[{\"@type\":\"SearchAction\",\"target\":{\"@type\":\"EntryPoint\",\"urlTemplate\":\"https:\/\/icanspoon.com\/it\/?s={search_term_string}\"},\"query-input\":{\"@type\":\"PropertyValueSpecification\",\"valueRequired\":true,\"valueName\":\"search_term_string\"}}],\"inLanguage\":\"it-IT\"},{\"@type\":\"Organization\",\"@id\":\"https:\/\/icanspoon.com\/it\/#organization\",\"name\":\"I Can Spoon\",\"url\":\"https:\/\/icanspoon.com\/it\/\",\"logo\":{\"@type\":\"ImageObject\",\"inLanguage\":\"it-IT\",\"@id\":\"https:\/\/icanspoon.com\/it\/#\/schema\/logo\/image\/\",\"url\":\"https:\/\/icanspoon.com\/wp-content\/uploads\/2022\/10\/ican-logo3.png\",\"contentUrl\":\"https:\/\/icanspoon.com\/wp-content\/uploads\/2022\/10\/ican-logo3.png\",\"width\":288,\"height\":200,\"caption\":\"I Can Spoon\"},\"image\":{\"@id\":\"https:\/\/icanspoon.com\/it\/#\/schema\/logo\/image\/\"}}]}<\/script>\n<!-- \/ Yoast SEO plugin. -->","yoast_head_json":{"title":"I can spoon Soft line - tutti i colori Soft line - I can spoon","description":"I can spoons Colori di linea morbidi. Acquistate subito i vostri I can spoons Confezione con sei cucchiai per bambini in bellissimi colori. Prendete il vostro ora!!!","robots":{"index":"index","follow":"follow","max-snippet":"max-snippet:-1","max-image-preview":"max-image-preview:large","max-video-preview":"max-video-preview:-1"},"canonical":"https:\/\/icanspoon.com\/it\/prodotto\/6-i-can-spoons-soft-line-tutti-i-colori\/","og_locale":"it_IT","og_type":"article","og_title":"I can spoon Soft line - tutti i colori Soft line - I can spoon","og_description":"I can spoons Colori di linea morbidi. Acquistate subito i vostri I can spoons Confezione con sei cucchiai per bambini in bellissimi colori. Prendete il vostro ora!!!","og_url":"https:\/\/icanspoon.com\/it\/prodotto\/6-i-can-spoons-soft-line-tutti-i-colori\/","og_site_name":"I can spoon","article_modified_time":"2023-09-02T12:37:22+00:00","og_image":[{"width":2560,"height":1707,"url":"https:\/\/icanspoon.com\/wp-content\/uploads\/2022\/10\/QT7B7872_2_r-scaled.jpg","type":"image\/jpeg"}],"twitter_card":"summary_large_image","twitter_misc":{"Tempo di lettura stimato":"1 minuto"},"schema":{"@context":"https:\/\/schema.org","@graph":[{"@type":"WebPage","@id":"https:\/\/icanspoon.com\/it\/prodotto\/6-i-can-spoons-soft-line-tutti-i-colori\/","url":"https:\/\/icanspoon.com\/it\/prodotto\/6-i-can-spoons-soft-line-tutti-i-colori\/","name":"I can spoon Soft line - tutti i colori Soft line - I can spoon","isPartOf":{"@id":"https:\/\/icanspoon.com\/it\/#website"},"primaryImageOfPage":{"@id":"https:\/\/icanspoon.com\/it\/prodotto\/6-i-can-spoons-soft-line-tutti-i-colori\/#primaryimage"},"image":{"@id":"https:\/\/icanspoon.com\/it\/prodotto\/6-i-can-spoons-soft-line-tutti-i-colori\/#primaryimage"},"thumbnailUrl":"https:\/\/icanspoon.com\/wp-content\/uploads\/2022\/10\/QT7B7872_2_r-scaled.jpg","datePublished":"2022-10-31T19:02:24+00:00","dateModified":"2023-09-02T12:37:22+00:00","description":"I can spoons Colori di linea morbidi. Acquistate subito i vostri I can spoons Confezione con sei cucchiai per bambini in bellissimi colori. Prendete il vostro ora!!!","breadcrumb":{"@id":"https:\/\/icanspoon.com\/it\/prodotto\/6-i-can-spoons-soft-line-tutti-i-colori\/#breadcrumb"},"inLanguage":"it-IT","potentialAction":[{"@type":"ReadAction","target":["https:\/\/icanspoon.com\/it\/prodotto\/6-i-can-spoons-soft-line-tutti-i-colori\/"]}]},{"@type":"ImageObject","inLanguage":"it-IT","@id":"https:\/\/icanspoon.com\/it\/prodotto\/6-i-can-spoons-soft-line-tutti-i-colori\/#primaryimage","url":"https:\/\/icanspoon.com\/wp-content\/uploads\/2022\/10\/QT7B7872_2_r-scaled.jpg","contentUrl":"https:\/\/icanspoon.com\/wp-content\/uploads\/2022\/10\/QT7B7872_2_r-scaled.jpg","width":2560,"height":1707},{"@type":"BreadcrumbList","@id":"https:\/\/icanspoon.com\/it\/prodotto\/6-i-can-spoons-soft-line-tutti-i-colori\/#breadcrumb","itemListElement":[{"@type":"ListItem","position":1,"name":"Home","item":"https:\/\/icanspoon.com\/it\/"},{"@type":"ListItem","position":2,"name":"Negozio","item":"https:\/\/icanspoon.com\/it\/negozio\/"},{"@type":"ListItem","position":3,"name":"I can spoon Soft line &#8211; tutti i colori Soft line"}]},{"@type":"WebSite","@id":"https:\/\/icanspoon.com\/it\/#website","url":"https:\/\/icanspoon.com\/it\/","name":"I can spoon","description":"the best baby spoon for learning how to eat","publisher":{"@id":"https:\/\/icanspoon.com\/it\/#organization"},"potentialAction":[{"@type":"SearchAction","target":{"@type":"EntryPoint","urlTemplate":"https:\/\/icanspoon.com\/it\/?s={search_term_string}"},"query-input":{"@type":"PropertyValueSpecification","valueRequired":true,"valueName":"search_term_string"}}],"inLanguage":"it-IT"},{"@type":"Organization","@id":"https:\/\/icanspoon.com\/it\/#organization","name":"I Can Spoon","url":"https:\/\/icanspoon.com\/it\/","logo":{"@type":"ImageObject","inLanguage":"it-IT","@id":"https:\/\/icanspoon.com\/it\/#\/schema\/logo\/image\/","url":"https:\/\/icanspoon.com\/wp-content\/uploads\/2022\/10\/ican-logo3.png","contentUrl":"https:\/\/icanspoon.com\/wp-content\/uploads\/2022\/10\/ican-logo3.png","width":288,"height":200,"caption":"I Can Spoon"},"image":{"@id":"https:\/\/icanspoon.com\/it\/#\/schema\/logo\/image\/"}}]}},"_links":{"self":[{"href":"https:\/\/icanspoon.com\/it\/wp-json\/wp\/v2\/product\/6008","targetHints":{"allow":["GET"]}}],"collection":[{"href":"https:\/\/icanspoon.com\/it\/wp-json\/wp\/v2\/product"}],"about":[{"href":"https:\/\/icanspoon.com\/it\/wp-json\/wp\/v2\/types\/product"}],"version-history":[{"count":0,"href":"https:\/\/icanspoon.com\/it\/wp-json\/wp\/v2\/product\/6008\/revisions"}],"wp:featuredmedia":[{"embeddable":true,"href":"https:\/\/icanspoon.com\/it\/wp-json\/wp\/v2\/media\/1478"}],"wp:attachment":[{"href":"https:\/\/icanspoon.com\/it\/wp-json\/wp\/v2\/media?parent=6008"}],"wp:term":[{"taxonomy":"product_brand","embeddable":true,"href":"https:\/\/icanspoon.com\/it\/wp-json\/wp\/v2\/product_brand?post=6008"},{"taxonomy":"product_cat","embeddable":true,"href":"https:\/\/icanspoon.com\/it\/wp-json\/wp\/v2\/product_cat?post=6008"},{"taxonomy":"product_tag","embeddable":true,"href":"https:\/\/icanspoon.com\/it\/wp-json\/wp\/v2\/product_tag?post=6008"}],"curies":[{"name":"wp","href":"https:\/\/api.w.org\/{rel}","templated":true}]}}