{"id":6026,"date":"2022-10-31T19:02:15","date_gmt":"2022-10-31T19:02:15","guid":{"rendered":"https:\/\/icanspoon.com\/product\/i-can-spoons-classic-line-todos-los-colores-linea-clasica\/"},"modified":"2023-09-02T12:55:28","modified_gmt":"2023-09-02T12:55:28","slug":"all-colors-6-spoons-classic-line","status":"publish","type":"product","link":"https:\/\/icanspoon.com\/es\/producto\/all-colors-6-spoons-classic-line\/","title":{"rendered":"I can spoons classic line &#8211; todos los colores l\u00ednea cl\u00e1sica"},"content":{"rendered":"<p>Seis I can spoons classic line &#8211; La l\u00ednea cl\u00e1sica. I Can spoon es un invento sueco de 2013 que facilita que el ni\u00f1o empiece a comer por s\u00ed mismo, adaptado a sus peque\u00f1as manos. Con su bajo peso y su funci\u00f3n multiagarre, el beb\u00e9 puede agarrar la cuchara como quiera. Los agarres de pinza, pulgar, precisi\u00f3n, volar, dedo y transversal son mucho m\u00e1s \u00fatiles que el \u00abagarre de toda la mano\u00bb al que invitan todas las dem\u00e1s cucharas para ni\u00f1os. El ni\u00f1o entrena los dedos en lugar del brazo y hace una transici\u00f3n intuitiva de comer con las manos.<\/p>\n<p>El orificio de las cucharas I can proporciona contacto entre el pulgar y el \u00edndice para aumentar la estabilidad y, si el ni\u00f1o lo desea, puede perforar el pulgar o el \u00edndice para un agarre seguro.<\/p>\n<p>Seg\u00fan los expertos, es importante que las comidas sean una experiencia positiva desde el principio. Muchos ni\u00f1os tambi\u00e9n quieren servirse ellos mismos la comida. Del mismo modo, comer es por s\u00ed mismo una excelente manera de desarrollar las habilidades motrices, la comida es una buena motivaci\u00f3n.<\/p>\n","protected":false},"excerpt":{"rendered":"<p><strong>Seis cucharas de I can spoon &#8211; La l\u00ednea cl\u00e1sica.<\/strong><\/p>\n<p><strong>\u00a1Yo tambi\u00e9n puedo!<\/strong> \u00bfLe suena familiar? Poder explorar y probar por s\u00ed mismos es una parte importante del desarrollo de las capacidades de los ni\u00f1os. El fundador de la cuchara para beb\u00e9s I Can se lo ha tomado muy en serio. Esta cuchara es imprescindible para todos los ni\u00f1os, para que aprendan a comer solos.<\/p>\n","protected":false},"featured_media":1463,"template":"","meta":{"_jet_sm_ready_style":"","_jet_sm_style":"","_jet_sm_controls_values":"","_jet_sm_fonts_collection":"","_jet_sm_fonts_links":""},"product_brand":[],"product_cat":[115,62],"product_tag":[],"class_list":{"0":"post-6026","1":"product","2":"type-product","3":"status-publish","4":"has-post-thumbnail","6":"product_cat-todos-los-colores-6-cucharas","7":"product_cat-paquete-grande","9":"first","10":"instock","11":"taxable","12":"shipping-taxable","13":"purchasable","14":"product-type-simple"},"yoast_head":"<!-- This site is optimized with the Yoast SEO plugin v26.5 - https:\/\/yoast.com\/wordpress\/plugins\/seo\/ -->\n<title>I can spoons classic line - todos los colores l\u00ednea cl\u00e1sica - I can spoon<\/title>\n<meta name=\"robots\" content=\"index, follow, max-snippet:-1, max-image-preview:large, max-video-preview:-1\" \/>\n<link rel=\"canonical\" href=\"https:\/\/icanspoon.com\/es\/producto\/all-colors-6-spoons-classic-line\/\" \/>\n<meta property=\"og:locale\" content=\"es_ES\" \/>\n<meta property=\"og:type\" content=\"article\" \/>\n<meta property=\"og:title\" content=\"I can spoons classic line - todos los colores l\u00ednea cl\u00e1sica - I can spoon\" \/>\n<meta property=\"og:description\" content=\"Seis cucharas de I can spoon - La l\u00ednea cl\u00e1sica. \u00a1Yo tambi\u00e9n puedo! \u00bfLe suena familiar? Poder explorar y probar por s\u00ed mismos es una parte importante del desarrollo de las capacidades de los ni\u00f1os. El fundador de la cuchara para beb\u00e9s I Can se lo ha tomado muy en serio. Esta cuchara es imprescindible para todos los ni\u00f1os, para que aprendan a comer solos.\" \/>\n<meta property=\"og:url\" content=\"https:\/\/icanspoon.com\/es\/producto\/all-colors-6-spoons-classic-line\/\" \/>\n<meta property=\"og:site_name\" content=\"I can spoon\" \/>\n<meta property=\"article:modified_time\" content=\"2023-09-02T12:55:28+00:00\" \/>\n<meta property=\"og:image\" content=\"https:\/\/icanspoon.com\/wp-content\/uploads\/2022\/10\/3-package.jpg\" \/>\n\t<meta property=\"og:image:width\" content=\"1000\" \/>\n\t<meta property=\"og:image:height\" content=\"729\" \/>\n\t<meta property=\"og:image:type\" content=\"image\/jpeg\" \/>\n<meta name=\"twitter:card\" content=\"summary_large_image\" \/>\n<meta name=\"twitter:label1\" content=\"Tiempo de lectura\" \/>\n\t<meta name=\"twitter:data1\" content=\"1 minuto\" \/>\n<script type=\"application\/ld+json\" class=\"yoast-schema-graph\">{\"@context\":\"https:\/\/schema.org\",\"@graph\":[{\"@type\":\"WebPage\",\"@id\":\"https:\/\/icanspoon.com\/es\/producto\/all-colors-6-spoons-classic-line\/\",\"url\":\"https:\/\/icanspoon.com\/es\/producto\/all-colors-6-spoons-classic-line\/\",\"name\":\"I can spoons classic line - todos los colores l\u00ednea cl\u00e1sica - I can spoon\",\"isPartOf\":{\"@id\":\"https:\/\/icanspoon.com\/es\/#website\"},\"primaryImageOfPage\":{\"@id\":\"https:\/\/icanspoon.com\/es\/producto\/all-colors-6-spoons-classic-line\/#primaryimage\"},\"image\":{\"@id\":\"https:\/\/icanspoon.com\/es\/producto\/all-colors-6-spoons-classic-line\/#primaryimage\"},\"thumbnailUrl\":\"https:\/\/icanspoon.com\/wp-content\/uploads\/2022\/10\/3-package.jpg\",\"datePublished\":\"2022-10-31T19:02:15+00:00\",\"dateModified\":\"2023-09-02T12:55:28+00:00\",\"breadcrumb\":{\"@id\":\"https:\/\/icanspoon.com\/es\/producto\/all-colors-6-spoons-classic-line\/#breadcrumb\"},\"inLanguage\":\"es\",\"potentialAction\":[{\"@type\":\"ReadAction\",\"target\":[\"https:\/\/icanspoon.com\/es\/producto\/all-colors-6-spoons-classic-line\/\"]}]},{\"@type\":\"ImageObject\",\"inLanguage\":\"es\",\"@id\":\"https:\/\/icanspoon.com\/es\/producto\/all-colors-6-spoons-classic-line\/#primaryimage\",\"url\":\"https:\/\/icanspoon.com\/wp-content\/uploads\/2022\/10\/3-package.jpg\",\"contentUrl\":\"https:\/\/icanspoon.com\/wp-content\/uploads\/2022\/10\/3-package.jpg\",\"width\":1000,\"height\":729,\"caption\":\"I can spoons\"},{\"@type\":\"BreadcrumbList\",\"@id\":\"https:\/\/icanspoon.com\/es\/producto\/all-colors-6-spoons-classic-line\/#breadcrumb\",\"itemListElement\":[{\"@type\":\"ListItem\",\"position\":1,\"name\":\"Home\",\"item\":\"https:\/\/icanspoon.com\/es\/\"},{\"@type\":\"ListItem\",\"position\":2,\"name\":\"Tienda\",\"item\":\"https:\/\/icanspoon.com\/es\/tienda\/\"},{\"@type\":\"ListItem\",\"position\":3,\"name\":\"I can spoons classic line &#8211; todos los colores l\u00ednea cl\u00e1sica\"}]},{\"@type\":\"WebSite\",\"@id\":\"https:\/\/icanspoon.com\/es\/#website\",\"url\":\"https:\/\/icanspoon.com\/es\/\",\"name\":\"I can spoon\",\"description\":\"the best baby spoon for learning how to eat\",\"publisher\":{\"@id\":\"https:\/\/icanspoon.com\/es\/#organization\"},\"potentialAction\":[{\"@type\":\"SearchAction\",\"target\":{\"@type\":\"EntryPoint\",\"urlTemplate\":\"https:\/\/icanspoon.com\/es\/?s={search_term_string}\"},\"query-input\":{\"@type\":\"PropertyValueSpecification\",\"valueRequired\":true,\"valueName\":\"search_term_string\"}}],\"inLanguage\":\"es\"},{\"@type\":\"Organization\",\"@id\":\"https:\/\/icanspoon.com\/es\/#organization\",\"name\":\"I Can Spoon\",\"url\":\"https:\/\/icanspoon.com\/es\/\",\"logo\":{\"@type\":\"ImageObject\",\"inLanguage\":\"es\",\"@id\":\"https:\/\/icanspoon.com\/es\/#\/schema\/logo\/image\/\",\"url\":\"https:\/\/icanspoon.com\/wp-content\/uploads\/2022\/10\/ican-logo3.png\",\"contentUrl\":\"https:\/\/icanspoon.com\/wp-content\/uploads\/2022\/10\/ican-logo3.png\",\"width\":288,\"height\":200,\"caption\":\"I Can Spoon\"},\"image\":{\"@id\":\"https:\/\/icanspoon.com\/es\/#\/schema\/logo\/image\/\"}}]}<\/script>\n<!-- \/ Yoast SEO plugin. -->","yoast_head_json":{"title":"I can spoons classic line - todos los colores l\u00ednea cl\u00e1sica - I can spoon","robots":{"index":"index","follow":"follow","max-snippet":"max-snippet:-1","max-image-preview":"max-image-preview:large","max-video-preview":"max-video-preview:-1"},"canonical":"https:\/\/icanspoon.com\/es\/producto\/all-colors-6-spoons-classic-line\/","og_locale":"es_ES","og_type":"article","og_title":"I can spoons classic line - todos los colores l\u00ednea cl\u00e1sica - I can spoon","og_description":"Seis cucharas de I can spoon - La l\u00ednea cl\u00e1sica. \u00a1Yo tambi\u00e9n puedo! \u00bfLe suena familiar? Poder explorar y probar por s\u00ed mismos es una parte importante del desarrollo de las capacidades de los ni\u00f1os. El fundador de la cuchara para beb\u00e9s I Can se lo ha tomado muy en serio. Esta cuchara es imprescindible para todos los ni\u00f1os, para que aprendan a comer solos.","og_url":"https:\/\/icanspoon.com\/es\/producto\/all-colors-6-spoons-classic-line\/","og_site_name":"I can spoon","article_modified_time":"2023-09-02T12:55:28+00:00","og_image":[{"width":1000,"height":729,"url":"https:\/\/icanspoon.com\/wp-content\/uploads\/2022\/10\/3-package.jpg","type":"image\/jpeg"}],"twitter_card":"summary_large_image","twitter_misc":{"Tiempo de lectura":"1 minuto"},"schema":{"@context":"https:\/\/schema.org","@graph":[{"@type":"WebPage","@id":"https:\/\/icanspoon.com\/es\/producto\/all-colors-6-spoons-classic-line\/","url":"https:\/\/icanspoon.com\/es\/producto\/all-colors-6-spoons-classic-line\/","name":"I can spoons classic line - todos los colores l\u00ednea cl\u00e1sica - I can spoon","isPartOf":{"@id":"https:\/\/icanspoon.com\/es\/#website"},"primaryImageOfPage":{"@id":"https:\/\/icanspoon.com\/es\/producto\/all-colors-6-spoons-classic-line\/#primaryimage"},"image":{"@id":"https:\/\/icanspoon.com\/es\/producto\/all-colors-6-spoons-classic-line\/#primaryimage"},"thumbnailUrl":"https:\/\/icanspoon.com\/wp-content\/uploads\/2022\/10\/3-package.jpg","datePublished":"2022-10-31T19:02:15+00:00","dateModified":"2023-09-02T12:55:28+00:00","breadcrumb":{"@id":"https:\/\/icanspoon.com\/es\/producto\/all-colors-6-spoons-classic-line\/#breadcrumb"},"inLanguage":"es","potentialAction":[{"@type":"ReadAction","target":["https:\/\/icanspoon.com\/es\/producto\/all-colors-6-spoons-classic-line\/"]}]},{"@type":"ImageObject","inLanguage":"es","@id":"https:\/\/icanspoon.com\/es\/producto\/all-colors-6-spoons-classic-line\/#primaryimage","url":"https:\/\/icanspoon.com\/wp-content\/uploads\/2022\/10\/3-package.jpg","contentUrl":"https:\/\/icanspoon.com\/wp-content\/uploads\/2022\/10\/3-package.jpg","width":1000,"height":729,"caption":"I can spoons"},{"@type":"BreadcrumbList","@id":"https:\/\/icanspoon.com\/es\/producto\/all-colors-6-spoons-classic-line\/#breadcrumb","itemListElement":[{"@type":"ListItem","position":1,"name":"Home","item":"https:\/\/icanspoon.com\/es\/"},{"@type":"ListItem","position":2,"name":"Tienda","item":"https:\/\/icanspoon.com\/es\/tienda\/"},{"@type":"ListItem","position":3,"name":"I can spoons classic line &#8211; todos los colores l\u00ednea cl\u00e1sica"}]},{"@type":"WebSite","@id":"https:\/\/icanspoon.com\/es\/#website","url":"https:\/\/icanspoon.com\/es\/","name":"I can spoon","description":"the best baby spoon for learning how to eat","publisher":{"@id":"https:\/\/icanspoon.com\/es\/#organization"},"potentialAction":[{"@type":"SearchAction","target":{"@type":"EntryPoint","urlTemplate":"https:\/\/icanspoon.com\/es\/?s={search_term_string}"},"query-input":{"@type":"PropertyValueSpecification","valueRequired":true,"valueName":"search_term_string"}}],"inLanguage":"es"},{"@type":"Organization","@id":"https:\/\/icanspoon.com\/es\/#organization","name":"I Can Spoon","url":"https:\/\/icanspoon.com\/es\/","logo":{"@type":"ImageObject","inLanguage":"es","@id":"https:\/\/icanspoon.com\/es\/#\/schema\/logo\/image\/","url":"https:\/\/icanspoon.com\/wp-content\/uploads\/2022\/10\/ican-logo3.png","contentUrl":"https:\/\/icanspoon.com\/wp-content\/uploads\/2022\/10\/ican-logo3.png","width":288,"height":200,"caption":"I Can Spoon"},"image":{"@id":"https:\/\/icanspoon.com\/es\/#\/schema\/logo\/image\/"}}]}},"_links":{"self":[{"href":"https:\/\/icanspoon.com\/es\/wp-json\/wp\/v2\/product\/6026","targetHints":{"allow":["GET"]}}],"collection":[{"href":"https:\/\/icanspoon.com\/es\/wp-json\/wp\/v2\/product"}],"about":[{"href":"https:\/\/icanspoon.com\/es\/wp-json\/wp\/v2\/types\/product"}],"version-history":[{"count":0,"href":"https:\/\/icanspoon.com\/es\/wp-json\/wp\/v2\/product\/6026\/revisions"}],"wp:featuredmedia":[{"embeddable":true,"href":"https:\/\/icanspoon.com\/es\/wp-json\/wp\/v2\/media\/1463"}],"wp:attachment":[{"href":"https:\/\/icanspoon.com\/es\/wp-json\/wp\/v2\/media?parent=6026"}],"wp:term":[{"taxonomy":"product_brand","embeddable":true,"href":"https:\/\/icanspoon.com\/es\/wp-json\/wp\/v2\/product_brand?post=6026"},{"taxonomy":"product_cat","embeddable":true,"href":"https:\/\/icanspoon.com\/es\/wp-json\/wp\/v2\/product_cat?post=6026"},{"taxonomy":"product_tag","embeddable":true,"href":"https:\/\/icanspoon.com\/es\/wp-json\/wp\/v2\/product_tag?post=6026"}],"curies":[{"name":"wp","href":"https:\/\/api.w.org\/{rel}","templated":true}]}}