{"id":6054,"date":"2022-10-31T19:02:15","date_gmt":"2022-10-31T19:02:15","guid":{"rendered":"https:\/\/icanspoon.com\/product\/gelb-und-weiss-i-can-spoon-l-ente-schwan\/"},"modified":"2023-09-02T13:08:34","modified_gmt":"2023-09-02T13:08:34","slug":"gelb-weiser-loffel-schwan","status":"publish","type":"product","link":"https:\/\/icanspoon.com\/de\/produkt\/gelb-weiser-loffel-schwan\/","title":{"rendered":"Gelb und wei\u00df I can spoon.l &#8211; Ente &amp; Schwan"},"content":{"rendered":"<p>Zwei L\u00f6ffel &#8211; ein gelber I can L\u00f6ffel (Ente) und ein wei\u00dfer I can L\u00f6ffel (Schwan). Der I Can Multigrip-L\u00f6ffel ist eine bew\u00e4hrte schwedische Erfindung aus dem Jahr 2013, die es dem Kind erleichtert, selbst zu essen &#8211; speziell f\u00fcr kleine H\u00e4nde. Mit seinem geringen Gewicht und der Multi-Grip-Funktion kann das Baby den L\u00f6ffel so halten, wie es m\u00f6chte. Pinzetten-, Daumen-, Pr\u00e4zisions-, Volar-, Finger- und Quergriff sind ein viel sinnvollerer Griff als der &#8222;Ganzhandgriff&#8220;, zu dem alle anderen Kinderl\u00f6ffel einladen. Das Kind trainiert seine Finger statt des Arms und geht intuitiv vom Essen mit den H\u00e4nden \u00fcber.<\/p>\n<p>Das Loch im L\u00f6ffel erm\u00f6glicht den Kontakt zwischen Daumen und Zeigefinger f\u00fcr mehr Stabilit\u00e4t, und wenn das Kind es m\u00f6chte, kann es den Daumen oder Zeigefinger f\u00fcr einen sicheren Griff durchstechen.<\/p>\n<p>Nach Ansicht von Experten ist es wichtig, dass die Mahlzeiten von Anfang an ein positives Erlebnis sind. Viele Kinder wollen sich auch selbst beim Essen bedienen. Ebenso ist das Essen an sich eine hervorragende M\u00f6glichkeit, motorische F\u00e4higkeiten zu entwickeln, denn Essen ist eine gute Motivation.<\/p>\n","protected":false},"excerpt":{"rendered":"<p><strong>Zwei L\u00f6ffel &#8211; ein gelber I can L\u00f6ffel (Ente) und ein wei\u00dfer I can L\u00f6ffel (Schwan)<\/strong><\/p>\n<p><strong>Das kann ich selbst!<\/strong> Klingt das in Ihren Ohren vertraut? Die M\u00f6glichkeit, selbst zu erforschen und auszuprobieren, ist ein wichtiger Bestandteil der Entwicklung der F\u00e4higkeiten von Kindern. Die Gr\u00fcnderin des I Can Babyl\u00f6ffels hat das wirklich ernst genommen! Dieser L\u00f6ffel ist ein Muss f\u00fcr alle Kinder, die lernen sollen, selbstst\u00e4ndig zu essen.<\/p>\n","protected":false},"featured_media":1457,"template":"","meta":{"_jet_sm_ready_style":"","_jet_sm_style":"","_jet_sm_controls_values":"","_jet_sm_fonts_collection":"","_jet_sm_fonts_links":""},"product_brand":[],"product_cat":[129,67],"product_tag":[],"class_list":{"0":"post-6054","1":"product","2":"type-product","3":"status-publish","4":"has-post-thumbnail","6":"product_cat-gelb-weiser-loffel-ente-schwan","7":"product_cat-loffel","9":"first","10":"outofstock","11":"taxable","12":"shipping-taxable","13":"purchasable","14":"product-type-simple"},"yoast_head":"<!-- This site is optimized with the Yoast SEO plugin v26.5 - https:\/\/yoast.com\/wordpress\/plugins\/seo\/ -->\n<title>Gelb und wei\u00df I can spoon.l - Ente &amp; Schwan - I can spoon<\/title>\n<meta name=\"description\" content=\"Gelb und wei\u00df I can spoon. Der I Can Babyl\u00f6ffel ist eine bew\u00e4hrte schwedische Erfindung, die es dem Kind leichter macht, selbst zu essen.\" \/>\n<meta name=\"robots\" content=\"index, follow, max-snippet:-1, max-image-preview:large, max-video-preview:-1\" \/>\n<link rel=\"canonical\" href=\"https:\/\/icanspoon.com\/de\/produkt\/gelb-weiser-loffel-schwan\/\" \/>\n<meta property=\"og:locale\" content=\"de_DE\" \/>\n<meta property=\"og:type\" content=\"article\" \/>\n<meta property=\"og:title\" content=\"Gelb und wei\u00df I can spoon.l - Ente &amp; Schwan - I can spoon\" \/>\n<meta property=\"og:description\" content=\"Gelb und wei\u00df I can spoon. Der I Can Babyl\u00f6ffel ist eine bew\u00e4hrte schwedische Erfindung, die es dem Kind leichter macht, selbst zu essen.\" \/>\n<meta property=\"og:url\" content=\"https:\/\/icanspoon.com\/de\/produkt\/gelb-weiser-loffel-schwan\/\" \/>\n<meta property=\"og:site_name\" content=\"I can spoon\" \/>\n<meta property=\"article:modified_time\" content=\"2023-09-02T13:08:34+00:00\" \/>\n<meta property=\"og:image\" content=\"https:\/\/icanspoon.com\/wp-content\/uploads\/2022\/10\/Yellow-white.jpg\" \/>\n\t<meta property=\"og:image:width\" content=\"420\" \/>\n\t<meta property=\"og:image:height\" content=\"420\" \/>\n\t<meta property=\"og:image:type\" content=\"image\/jpeg\" \/>\n<meta name=\"twitter:card\" content=\"summary_large_image\" \/>\n<meta name=\"twitter:label1\" content=\"Gesch\u00e4tzte Lesezeit\" \/>\n\t<meta name=\"twitter:data1\" content=\"1\u00a0Minute\" \/>\n<script type=\"application\/ld+json\" class=\"yoast-schema-graph\">{\"@context\":\"https:\/\/schema.org\",\"@graph\":[{\"@type\":\"WebPage\",\"@id\":\"https:\/\/icanspoon.com\/de\/produkt\/gelb-weiser-loffel-schwan\/\",\"url\":\"https:\/\/icanspoon.com\/de\/produkt\/gelb-weiser-loffel-schwan\/\",\"name\":\"Gelb und wei\u00df I can spoon.l - Ente &amp; Schwan - I can spoon\",\"isPartOf\":{\"@id\":\"https:\/\/icanspoon.com\/de\/#website\"},\"primaryImageOfPage\":{\"@id\":\"https:\/\/icanspoon.com\/de\/produkt\/gelb-weiser-loffel-schwan\/#primaryimage\"},\"image\":{\"@id\":\"https:\/\/icanspoon.com\/de\/produkt\/gelb-weiser-loffel-schwan\/#primaryimage\"},\"thumbnailUrl\":\"https:\/\/icanspoon.com\/wp-content\/uploads\/2022\/10\/Yellow-white.jpg\",\"datePublished\":\"2022-10-31T19:02:15+00:00\",\"dateModified\":\"2023-09-02T13:08:34+00:00\",\"description\":\"Gelb und wei\u00df I can spoon. Der I Can Babyl\u00f6ffel ist eine bew\u00e4hrte schwedische Erfindung, die es dem Kind leichter macht, selbst zu essen.\",\"breadcrumb\":{\"@id\":\"https:\/\/icanspoon.com\/de\/produkt\/gelb-weiser-loffel-schwan\/#breadcrumb\"},\"inLanguage\":\"de\",\"potentialAction\":[{\"@type\":\"ReadAction\",\"target\":[\"https:\/\/icanspoon.com\/de\/produkt\/gelb-weiser-loffel-schwan\/\"]}]},{\"@type\":\"ImageObject\",\"inLanguage\":\"de\",\"@id\":\"https:\/\/icanspoon.com\/de\/produkt\/gelb-weiser-loffel-schwan\/#primaryimage\",\"url\":\"https:\/\/icanspoon.com\/wp-content\/uploads\/2022\/10\/Yellow-white.jpg\",\"contentUrl\":\"https:\/\/icanspoon.com\/wp-content\/uploads\/2022\/10\/Yellow-white.jpg\",\"width\":420,\"height\":420},{\"@type\":\"BreadcrumbList\",\"@id\":\"https:\/\/icanspoon.com\/de\/produkt\/gelb-weiser-loffel-schwan\/#breadcrumb\",\"itemListElement\":[{\"@type\":\"ListItem\",\"position\":1,\"name\":\"Home\",\"item\":\"https:\/\/icanspoon.com\/de\/\"},{\"@type\":\"ListItem\",\"position\":2,\"name\":\"Shop\",\"item\":\"https:\/\/icanspoon.com\/de\/shop-2\/\"},{\"@type\":\"ListItem\",\"position\":3,\"name\":\"Gelb und wei\u00df I can spoon.l &#8211; Ente &amp; Schwan\"}]},{\"@type\":\"WebSite\",\"@id\":\"https:\/\/icanspoon.com\/de\/#website\",\"url\":\"https:\/\/icanspoon.com\/de\/\",\"name\":\"I can spoon\",\"description\":\"the best baby spoon for learning how to eat\",\"publisher\":{\"@id\":\"https:\/\/icanspoon.com\/de\/#organization\"},\"potentialAction\":[{\"@type\":\"SearchAction\",\"target\":{\"@type\":\"EntryPoint\",\"urlTemplate\":\"https:\/\/icanspoon.com\/de\/?s={search_term_string}\"},\"query-input\":{\"@type\":\"PropertyValueSpecification\",\"valueRequired\":true,\"valueName\":\"search_term_string\"}}],\"inLanguage\":\"de\"},{\"@type\":\"Organization\",\"@id\":\"https:\/\/icanspoon.com\/de\/#organization\",\"name\":\"I Can Spoon\",\"url\":\"https:\/\/icanspoon.com\/de\/\",\"logo\":{\"@type\":\"ImageObject\",\"inLanguage\":\"de\",\"@id\":\"https:\/\/icanspoon.com\/de\/#\/schema\/logo\/image\/\",\"url\":\"https:\/\/icanspoon.com\/wp-content\/uploads\/2022\/10\/ican-logo3.png\",\"contentUrl\":\"https:\/\/icanspoon.com\/wp-content\/uploads\/2022\/10\/ican-logo3.png\",\"width\":288,\"height\":200,\"caption\":\"I Can Spoon\"},\"image\":{\"@id\":\"https:\/\/icanspoon.com\/de\/#\/schema\/logo\/image\/\"}}]}<\/script>\n<!-- \/ Yoast SEO plugin. -->","yoast_head_json":{"title":"Gelb und wei\u00df I can spoon.l - Ente &amp; Schwan - I can spoon","description":"Gelb und wei\u00df I can spoon. Der I Can Babyl\u00f6ffel ist eine bew\u00e4hrte schwedische Erfindung, die es dem Kind leichter macht, selbst zu essen.","robots":{"index":"index","follow":"follow","max-snippet":"max-snippet:-1","max-image-preview":"max-image-preview:large","max-video-preview":"max-video-preview:-1"},"canonical":"https:\/\/icanspoon.com\/de\/produkt\/gelb-weiser-loffel-schwan\/","og_locale":"de_DE","og_type":"article","og_title":"Gelb und wei\u00df I can spoon.l - Ente &amp; Schwan - I can spoon","og_description":"Gelb und wei\u00df I can spoon. Der I Can Babyl\u00f6ffel ist eine bew\u00e4hrte schwedische Erfindung, die es dem Kind leichter macht, selbst zu essen.","og_url":"https:\/\/icanspoon.com\/de\/produkt\/gelb-weiser-loffel-schwan\/","og_site_name":"I can spoon","article_modified_time":"2023-09-02T13:08:34+00:00","og_image":[{"width":420,"height":420,"url":"https:\/\/icanspoon.com\/wp-content\/uploads\/2022\/10\/Yellow-white.jpg","type":"image\/jpeg"}],"twitter_card":"summary_large_image","twitter_misc":{"Gesch\u00e4tzte Lesezeit":"1\u00a0Minute"},"schema":{"@context":"https:\/\/schema.org","@graph":[{"@type":"WebPage","@id":"https:\/\/icanspoon.com\/de\/produkt\/gelb-weiser-loffel-schwan\/","url":"https:\/\/icanspoon.com\/de\/produkt\/gelb-weiser-loffel-schwan\/","name":"Gelb und wei\u00df I can spoon.l - Ente &amp; Schwan - I can spoon","isPartOf":{"@id":"https:\/\/icanspoon.com\/de\/#website"},"primaryImageOfPage":{"@id":"https:\/\/icanspoon.com\/de\/produkt\/gelb-weiser-loffel-schwan\/#primaryimage"},"image":{"@id":"https:\/\/icanspoon.com\/de\/produkt\/gelb-weiser-loffel-schwan\/#primaryimage"},"thumbnailUrl":"https:\/\/icanspoon.com\/wp-content\/uploads\/2022\/10\/Yellow-white.jpg","datePublished":"2022-10-31T19:02:15+00:00","dateModified":"2023-09-02T13:08:34+00:00","description":"Gelb und wei\u00df I can spoon. Der I Can Babyl\u00f6ffel ist eine bew\u00e4hrte schwedische Erfindung, die es dem Kind leichter macht, selbst zu essen.","breadcrumb":{"@id":"https:\/\/icanspoon.com\/de\/produkt\/gelb-weiser-loffel-schwan\/#breadcrumb"},"inLanguage":"de","potentialAction":[{"@type":"ReadAction","target":["https:\/\/icanspoon.com\/de\/produkt\/gelb-weiser-loffel-schwan\/"]}]},{"@type":"ImageObject","inLanguage":"de","@id":"https:\/\/icanspoon.com\/de\/produkt\/gelb-weiser-loffel-schwan\/#primaryimage","url":"https:\/\/icanspoon.com\/wp-content\/uploads\/2022\/10\/Yellow-white.jpg","contentUrl":"https:\/\/icanspoon.com\/wp-content\/uploads\/2022\/10\/Yellow-white.jpg","width":420,"height":420},{"@type":"BreadcrumbList","@id":"https:\/\/icanspoon.com\/de\/produkt\/gelb-weiser-loffel-schwan\/#breadcrumb","itemListElement":[{"@type":"ListItem","position":1,"name":"Home","item":"https:\/\/icanspoon.com\/de\/"},{"@type":"ListItem","position":2,"name":"Shop","item":"https:\/\/icanspoon.com\/de\/shop-2\/"},{"@type":"ListItem","position":3,"name":"Gelb und wei\u00df I can spoon.l &#8211; Ente &amp; Schwan"}]},{"@type":"WebSite","@id":"https:\/\/icanspoon.com\/de\/#website","url":"https:\/\/icanspoon.com\/de\/","name":"I can spoon","description":"the best baby spoon for learning how to eat","publisher":{"@id":"https:\/\/icanspoon.com\/de\/#organization"},"potentialAction":[{"@type":"SearchAction","target":{"@type":"EntryPoint","urlTemplate":"https:\/\/icanspoon.com\/de\/?s={search_term_string}"},"query-input":{"@type":"PropertyValueSpecification","valueRequired":true,"valueName":"search_term_string"}}],"inLanguage":"de"},{"@type":"Organization","@id":"https:\/\/icanspoon.com\/de\/#organization","name":"I Can Spoon","url":"https:\/\/icanspoon.com\/de\/","logo":{"@type":"ImageObject","inLanguage":"de","@id":"https:\/\/icanspoon.com\/de\/#\/schema\/logo\/image\/","url":"https:\/\/icanspoon.com\/wp-content\/uploads\/2022\/10\/ican-logo3.png","contentUrl":"https:\/\/icanspoon.com\/wp-content\/uploads\/2022\/10\/ican-logo3.png","width":288,"height":200,"caption":"I Can Spoon"},"image":{"@id":"https:\/\/icanspoon.com\/de\/#\/schema\/logo\/image\/"}}]}},"_links":{"self":[{"href":"https:\/\/icanspoon.com\/de\/wp-json\/wp\/v2\/product\/6054","targetHints":{"allow":["GET"]}}],"collection":[{"href":"https:\/\/icanspoon.com\/de\/wp-json\/wp\/v2\/product"}],"about":[{"href":"https:\/\/icanspoon.com\/de\/wp-json\/wp\/v2\/types\/product"}],"version-history":[{"count":0,"href":"https:\/\/icanspoon.com\/de\/wp-json\/wp\/v2\/product\/6054\/revisions"}],"wp:featuredmedia":[{"embeddable":true,"href":"https:\/\/icanspoon.com\/de\/wp-json\/wp\/v2\/media\/1457"}],"wp:attachment":[{"href":"https:\/\/icanspoon.com\/de\/wp-json\/wp\/v2\/media?parent=6054"}],"wp:term":[{"taxonomy":"product_brand","embeddable":true,"href":"https:\/\/icanspoon.com\/de\/wp-json\/wp\/v2\/product_brand?post=6054"},{"taxonomy":"product_cat","embeddable":true,"href":"https:\/\/icanspoon.com\/de\/wp-json\/wp\/v2\/product_cat?post=6054"},{"taxonomy":"product_tag","embeddable":true,"href":"https:\/\/icanspoon.com\/de\/wp-json\/wp\/v2\/product_tag?post=6054"}],"curies":[{"name":"wp","href":"https:\/\/api.w.org\/{rel}","templated":true}]}}