{"id":6350,"date":"2022-10-29T10:57:03","date_gmt":"2022-10-29T10:57:03","guid":{"rendered":"https:\/\/icanspoon.com\/erstattungs-und-rueckgabebestimmungen\/"},"modified":"2023-04-20T09:45:09","modified_gmt":"2023-04-20T09:45:09","slug":"erstattungs-und-rueckgabebestimmungen","status":"publish","type":"page","link":"https:\/\/icanspoon.com\/de\/erstattungs-und-rueckgabebestimmungen\/","title":{"rendered":"Erstattungs- und R\u00fcckgabebestimmungen"},"content":{"rendered":"\t\t<div data-elementor-type=\"wp-page\" data-elementor-id=\"6350\" class=\"elementor elementor-6350 elementor-9\" data-elementor-post-type=\"page\">\n\t\t\t\t\t\t<section class=\"elementor-section elementor-top-section elementor-element elementor-element-1c634317 elementor-section-boxed elementor-section-height-default elementor-section-height-default\" data-id=\"1c634317\" data-element_type=\"section\" data-settings=\"{&quot;jet_parallax_layout_list&quot;:[]}\">\n\t\t\t\t\t\t<div class=\"elementor-container elementor-column-gap-default\">\n\t\t\t\t\t<div class=\"elementor-column elementor-col-100 elementor-top-column elementor-element elementor-element-433f6893\" data-id=\"433f6893\" data-element_type=\"column\">\n\t\t\t<div class=\"elementor-widget-wrap elementor-element-populated\">\n\t\t\t\t\t\t<div class=\"elementor-element elementor-element-d8e6cc1 elementor-widget elementor-widget-text-editor\" data-id=\"d8e6cc1\" data-element_type=\"widget\" data-widget_type=\"text-editor.default\">\n\t\t\t\t<div class=\"elementor-widget-container\">\n\t\t\t\t\t\t\t\t\t<\/p>\n<h3>\u00dcbersicht<\/h3>\n<p>Unsere Erstattungs- und R\u00fcckgabebestimmungen gelten f\u00fcr 14 Tage. Wenn seit Ihrem Kauf 14 Tage vergangen sind, k\u00f6nnen wir Ihnen keine volle R\u00fcckerstattung oder keinen Umtausch anbieten.<\/p>\n<p>Um f\u00fcr eine R\u00fcckgabe in Frage zu kommen, muss Ihr Artikel unbenutzt sein und sich in demselben Zustand befinden, in dem Sie ihn erhalten haben. Au\u00dferdem muss es sich in der Originalverpackung befinden.<\/p>\n<p><span style=\"color: var( --e-global-color-text ); font-family: var( --e-global-typography-b2ce6af-font-family ), Sans-serif; font-size: var( --e-global-typography-b2ce6af-font-size ); letter-spacing: var( --e-global-typography-b2ce6af-letter-spacing ); word-spacing: var( --e-global-typography-b2ce6af-word-spacing );\">Um Ihre R\u00fccksendung abzuschlie\u00dfen, ben\u00f6tigen wir eine Quittung oder einen Kaufbeleg.<\/span><\/p>\n<h2>Erstattungen<\/h2>\n<p>Sobald wir Ihre R\u00fccksendung erhalten und gepr\u00fcft haben, senden wir Ihnen eine E-Mail, um Sie dar\u00fcber zu informieren, dass wir Ihren zur\u00fcckgesandten Artikel erhalten haben. Wir werden Sie auch \u00fcber die Genehmigung oder Ablehnung Ihrer Erstattung informieren.<\/p>\n<p>Wenn Sie die Genehmigung erhalten, wird Ihre R\u00fcckerstattung bearbeitet und eine Gutschrift auf Ihre Kreditkarte oder Ihre urspr\u00fcngliche Zahlungsmethode wird innerhalb einer bestimmten Anzahl von Tagen automatisch vorgenommen.<\/p>\n<p><b>Versp\u00e4tete oder fehlende Erstattungen<\/b><\/p>\n<p>Wenn Sie noch keine R\u00fcckerstattung erhalten haben, pr\u00fcfen Sie zun\u00e4chst Ihr Bankkonto erneut.<\/p>\n<p>Wenden Sie sich dann an Ihr Kreditkartenunternehmen, denn es kann einige Zeit dauern, bis Ihre R\u00fcckerstattung offiziell verbucht wird.<\/p>\n<p>Wenden Sie sich dann an Ihre Bank. Bis eine Erstattung verbucht wird, vergeht oft eine gewisse Bearbeitungszeit.<\/p>\n<p>Wenn Sie all dies getan haben und Ihre R\u00fcckerstattung immer noch nicht erhalten haben, kontaktieren Sie uns bitte unter {E-Mail-Adresse}.<\/p>\n<\/p>\n<h2><span style=\"color: var( --e-global-color-secondary ); font-family: var( --e-global-typography-5d167aa-font-family ), Sans-serif; font-size: var( --e-global-typography-5d167aa-font-size ); font-weight: var( --e-global-typography-5d167aa-font-weight ); letter-spacing: var( --e-global-typography-5d167aa-letter-spacing ); word-spacing: var( --e-global-typography-5d167aa-word-spacing );\">R\u00fccksendungen<\/span><\/h2>\n<p>Um Ihr Produkt zur\u00fcckzusenden, schicken Sie es bitte an: .<\/p>\n<p>Sie m\u00fcssen die Versandkosten f\u00fcr die R\u00fccksendung Ihres Artikels selbst tragen. Die Versandkosten sind nicht erstattungsf\u00e4hig. Wenn Sie eine R\u00fcckerstattung erhalten, werden die Kosten f\u00fcr den R\u00fcckversand von Ihrer R\u00fcckerstattung abgezogen.<\/p>\n<p>Je nachdem, wo Sie wohnen, kann es unterschiedlich lange dauern, bis Ihr ausgetauschtes Produkt bei Ihnen eintrifft.<\/p>\n<p>Wenn Sie teurere Artikel zur\u00fccksenden, sollten Sie einen verfolgbaren Versanddienst nutzen oder eine Versandversicherung abschlie\u00dfen. Wir k\u00f6nnen nicht garantieren, dass wir die zur\u00fcckgesendeten Artikel erhalten werden.<\/p>\n<h2>Brauchen Sie Hilfe?<\/h2>\n<p>Wenden Sie sich bei Fragen zu Erstattungen und R\u00fcckgaben an {email}.<\/p>\n\t\t\t\t\t\t\t\t<\/div>\n\t\t\t\t<\/div>\n\t\t\t\t\t<\/div>\n\t\t<\/div>\n\t\t\t\t\t<\/div>\n\t\t<\/section>\n\t\t\t\t<\/div>\n\t\t","protected":false},"excerpt":{"rendered":"<p>\u00dcbersicht Unsere Erstattungs- und R\u00fcckgabebestimmungen gelten f\u00fcr 14 Tage. Wenn seit Ihrem Kauf 14 Tage vergangen sind, k\u00f6nnen wir Ihnen keine volle R\u00fcckerstattung oder keinen Umtausch anbieten. Um f\u00fcr eine R\u00fcckgabe in Frage zu kommen, muss Ihr Artikel unbenutzt sein und sich in demselben Zustand befinden, in dem Sie ihn erhalten haben. Au\u00dferdem muss es [&hellip;]<\/p>\n","protected":false},"author":1,"featured_media":0,"parent":0,"menu_order":0,"comment_status":"closed","ping_status":"closed","template":"","meta":{"_jet_sm_ready_style":"","_jet_sm_style":"","_jet_sm_controls_values":"","_jet_sm_fonts_collection":"","_jet_sm_fonts_links":"","footnotes":""},"class_list":["post-6350","page","type-page","status-publish","hentry"],"yoast_head":"<!-- This site is optimized with the Yoast SEO plugin v26.5 - https:\/\/yoast.com\/wordpress\/plugins\/seo\/ -->\n<title>Erstattungs- und R\u00fcckgabebestimmungen - I can spoon<\/title>\n<meta name=\"robots\" content=\"index, follow, max-snippet:-1, max-image-preview:large, max-video-preview:-1\" \/>\n<link rel=\"canonical\" href=\"https:\/\/icanspoon.com\/de\/erstattungs-und-rueckgabebestimmungen\/\" \/>\n<meta property=\"og:locale\" content=\"de_DE\" \/>\n<meta property=\"og:type\" content=\"article\" \/>\n<meta property=\"og:title\" content=\"Erstattungs- und R\u00fcckgabebestimmungen - I can spoon\" \/>\n<meta property=\"og:description\" content=\"\u00dcbersicht Unsere Erstattungs- und R\u00fcckgabebestimmungen gelten f\u00fcr 14 Tage. Wenn seit Ihrem Kauf 14 Tage vergangen sind, k\u00f6nnen wir Ihnen keine volle R\u00fcckerstattung oder keinen Umtausch anbieten. Um f\u00fcr eine R\u00fcckgabe in Frage zu kommen, muss Ihr Artikel unbenutzt sein und sich in demselben Zustand befinden, in dem Sie ihn erhalten haben. Au\u00dferdem muss es [&hellip;]\" \/>\n<meta property=\"og:url\" content=\"https:\/\/icanspoon.com\/de\/erstattungs-und-rueckgabebestimmungen\/\" \/>\n<meta property=\"og:site_name\" content=\"I can spoon\" \/>\n<meta property=\"article:modified_time\" content=\"2023-04-20T09:45:09+00:00\" \/>\n<meta name=\"twitter:card\" content=\"summary_large_image\" \/>\n<meta name=\"twitter:label1\" content=\"Gesch\u00e4tzte Lesezeit\" \/>\n\t<meta name=\"twitter:data1\" content=\"2\u00a0Minuten\" \/>\n<script type=\"application\/ld+json\" class=\"yoast-schema-graph\">{\"@context\":\"https:\/\/schema.org\",\"@graph\":[{\"@type\":\"WebPage\",\"@id\":\"https:\/\/icanspoon.com\/de\/erstattungs-und-rueckgabebestimmungen\/\",\"url\":\"https:\/\/icanspoon.com\/de\/erstattungs-und-rueckgabebestimmungen\/\",\"name\":\"Erstattungs- und R\u00fcckgabebestimmungen - I can spoon\",\"isPartOf\":{\"@id\":\"https:\/\/icanspoon.com\/de\/#website\"},\"datePublished\":\"2022-10-29T10:57:03+00:00\",\"dateModified\":\"2023-04-20T09:45:09+00:00\",\"breadcrumb\":{\"@id\":\"https:\/\/icanspoon.com\/de\/erstattungs-und-rueckgabebestimmungen\/#breadcrumb\"},\"inLanguage\":\"de\",\"potentialAction\":[{\"@type\":\"ReadAction\",\"target\":[\"https:\/\/icanspoon.com\/de\/erstattungs-und-rueckgabebestimmungen\/\"]}]},{\"@type\":\"BreadcrumbList\",\"@id\":\"https:\/\/icanspoon.com\/de\/erstattungs-und-rueckgabebestimmungen\/#breadcrumb\",\"itemListElement\":[{\"@type\":\"ListItem\",\"position\":1,\"name\":\"Home\",\"item\":\"https:\/\/icanspoon.com\/de\/\"},{\"@type\":\"ListItem\",\"position\":2,\"name\":\"Erstattungs- und R\u00fcckgabebestimmungen\"}]},{\"@type\":\"WebSite\",\"@id\":\"https:\/\/icanspoon.com\/de\/#website\",\"url\":\"https:\/\/icanspoon.com\/de\/\",\"name\":\"I can spoon\",\"description\":\"the best baby spoon for learning how to eat\",\"publisher\":{\"@id\":\"https:\/\/icanspoon.com\/de\/#organization\"},\"potentialAction\":[{\"@type\":\"SearchAction\",\"target\":{\"@type\":\"EntryPoint\",\"urlTemplate\":\"https:\/\/icanspoon.com\/de\/?s={search_term_string}\"},\"query-input\":{\"@type\":\"PropertyValueSpecification\",\"valueRequired\":true,\"valueName\":\"search_term_string\"}}],\"inLanguage\":\"de\"},{\"@type\":\"Organization\",\"@id\":\"https:\/\/icanspoon.com\/de\/#organization\",\"name\":\"I Can Spoon\",\"url\":\"https:\/\/icanspoon.com\/de\/\",\"logo\":{\"@type\":\"ImageObject\",\"inLanguage\":\"de\",\"@id\":\"https:\/\/icanspoon.com\/de\/#\/schema\/logo\/image\/\",\"url\":\"https:\/\/icanspoon.com\/wp-content\/uploads\/2022\/10\/ican-logo3.png\",\"contentUrl\":\"https:\/\/icanspoon.com\/wp-content\/uploads\/2022\/10\/ican-logo3.png\",\"width\":288,\"height\":200,\"caption\":\"I Can Spoon\"},\"image\":{\"@id\":\"https:\/\/icanspoon.com\/de\/#\/schema\/logo\/image\/\"}}]}<\/script>\n<!-- \/ Yoast SEO plugin. -->","yoast_head_json":{"title":"Erstattungs- und R\u00fcckgabebestimmungen - I can spoon","robots":{"index":"index","follow":"follow","max-snippet":"max-snippet:-1","max-image-preview":"max-image-preview:large","max-video-preview":"max-video-preview:-1"},"canonical":"https:\/\/icanspoon.com\/de\/erstattungs-und-rueckgabebestimmungen\/","og_locale":"de_DE","og_type":"article","og_title":"Erstattungs- und R\u00fcckgabebestimmungen - I can spoon","og_description":"\u00dcbersicht Unsere Erstattungs- und R\u00fcckgabebestimmungen gelten f\u00fcr 14 Tage. Wenn seit Ihrem Kauf 14 Tage vergangen sind, k\u00f6nnen wir Ihnen keine volle R\u00fcckerstattung oder keinen Umtausch anbieten. Um f\u00fcr eine R\u00fcckgabe in Frage zu kommen, muss Ihr Artikel unbenutzt sein und sich in demselben Zustand befinden, in dem Sie ihn erhalten haben. Au\u00dferdem muss es [&hellip;]","og_url":"https:\/\/icanspoon.com\/de\/erstattungs-und-rueckgabebestimmungen\/","og_site_name":"I can spoon","article_modified_time":"2023-04-20T09:45:09+00:00","twitter_card":"summary_large_image","twitter_misc":{"Gesch\u00e4tzte Lesezeit":"2\u00a0Minuten"},"schema":{"@context":"https:\/\/schema.org","@graph":[{"@type":"WebPage","@id":"https:\/\/icanspoon.com\/de\/erstattungs-und-rueckgabebestimmungen\/","url":"https:\/\/icanspoon.com\/de\/erstattungs-und-rueckgabebestimmungen\/","name":"Erstattungs- und R\u00fcckgabebestimmungen - I can spoon","isPartOf":{"@id":"https:\/\/icanspoon.com\/de\/#website"},"datePublished":"2022-10-29T10:57:03+00:00","dateModified":"2023-04-20T09:45:09+00:00","breadcrumb":{"@id":"https:\/\/icanspoon.com\/de\/erstattungs-und-rueckgabebestimmungen\/#breadcrumb"},"inLanguage":"de","potentialAction":[{"@type":"ReadAction","target":["https:\/\/icanspoon.com\/de\/erstattungs-und-rueckgabebestimmungen\/"]}]},{"@type":"BreadcrumbList","@id":"https:\/\/icanspoon.com\/de\/erstattungs-und-rueckgabebestimmungen\/#breadcrumb","itemListElement":[{"@type":"ListItem","position":1,"name":"Home","item":"https:\/\/icanspoon.com\/de\/"},{"@type":"ListItem","position":2,"name":"Erstattungs- und R\u00fcckgabebestimmungen"}]},{"@type":"WebSite","@id":"https:\/\/icanspoon.com\/de\/#website","url":"https:\/\/icanspoon.com\/de\/","name":"I can spoon","description":"the best baby spoon for learning how to eat","publisher":{"@id":"https:\/\/icanspoon.com\/de\/#organization"},"potentialAction":[{"@type":"SearchAction","target":{"@type":"EntryPoint","urlTemplate":"https:\/\/icanspoon.com\/de\/?s={search_term_string}"},"query-input":{"@type":"PropertyValueSpecification","valueRequired":true,"valueName":"search_term_string"}}],"inLanguage":"de"},{"@type":"Organization","@id":"https:\/\/icanspoon.com\/de\/#organization","name":"I Can Spoon","url":"https:\/\/icanspoon.com\/de\/","logo":{"@type":"ImageObject","inLanguage":"de","@id":"https:\/\/icanspoon.com\/de\/#\/schema\/logo\/image\/","url":"https:\/\/icanspoon.com\/wp-content\/uploads\/2022\/10\/ican-logo3.png","contentUrl":"https:\/\/icanspoon.com\/wp-content\/uploads\/2022\/10\/ican-logo3.png","width":288,"height":200,"caption":"I Can Spoon"},"image":{"@id":"https:\/\/icanspoon.com\/de\/#\/schema\/logo\/image\/"}}]}},"_links":{"self":[{"href":"https:\/\/icanspoon.com\/de\/wp-json\/wp\/v2\/pages\/6350","targetHints":{"allow":["GET"]}}],"collection":[{"href":"https:\/\/icanspoon.com\/de\/wp-json\/wp\/v2\/pages"}],"about":[{"href":"https:\/\/icanspoon.com\/de\/wp-json\/wp\/v2\/types\/page"}],"author":[{"embeddable":true,"href":"https:\/\/icanspoon.com\/de\/wp-json\/wp\/v2\/users\/1"}],"replies":[{"embeddable":true,"href":"https:\/\/icanspoon.com\/de\/wp-json\/wp\/v2\/comments?post=6350"}],"version-history":[{"count":0,"href":"https:\/\/icanspoon.com\/de\/wp-json\/wp\/v2\/pages\/6350\/revisions"}],"wp:attachment":[{"href":"https:\/\/icanspoon.com\/de\/wp-json\/wp\/v2\/media?parent=6350"}],"curies":[{"name":"wp","href":"https:\/\/api.w.org\/{rel}","templated":true}]}}